{"id":11075,"date":"2023-11-01T08:27:07","date_gmt":"2023-11-01T07:27:07","guid":{"rendered":"https:\/\/iswi.org\/?page_id=11075"},"modified":"2024-05-05T23:05:02","modified_gmt":"2024-05-05T21:05:02","slug":"fernweh-vortrag","status":"publish","type":"page","link":"https:\/\/iswi.org\/en\/fernweh-vortrag\/","title":{"rendered":"Fernweh Vortrag"},"content":{"rendered":"<div data-elementor-type=\"wp-page\" data-elementor-id=\"11075\" class=\"elementor elementor-11075\">\n\t\t\t\t\t\t<section class=\"elementor-section elementor-top-section elementor-element elementor-element-1280365 elementor-section-boxed elementor-section-height-default elementor-section-height-default\" data-id=\"1280365\" data-element_type=\"section\">\n\t\t\t\t\t\t<div class=\"elementor-container elementor-column-gap-default\">\n\t\t\t\t\t<div class=\"elementor-column elementor-col-100 elementor-top-column elementor-element elementor-element-d751bee\" data-id=\"d751bee\" data-element_type=\"column\">\n\t\t\t<div class=\"elementor-widget-wrap elementor-element-populated\">\n\t\t\t\t\t\t<div class=\"elementor-element elementor-element-06a8669 elementor-widget elementor-widget-text-editor\" data-id=\"06a8669\" data-element_type=\"widget\" data-widget_type=\"text-editor.default\">\n\t\t\t\t<div class=\"elementor-widget-container\">\n\t\t\t\t\t\t\t\t\t<h2><strong>What is a Wanderlust Lecture?<\/strong><\/h2>\n<p>Unsere Fernweh Vortr\u00e4ge sind einzigartige und fesselnde Veranstaltungen, die jedes mal von einem unserer Kommiliton<em>innen gehalten wird, der<\/em>die vor kurzem verschiedene Ecken der Welt erkundet hat, sei es in der Freizeit oder im Rahmen von Bildungsma\u00dfnahmen wie Studierendenkonferenzen. Diese Vortr\u00e4ge sollen inspirieren, informieren und den inneren Reisenden wecken, indem sie tief in die Erfahrungen, das Wissen und die Abenteuer der Studierenden eindringen. Bei diesen Vortr\u00e4gen geht es nicht nur um das Fernweh, sondern auch darum, den Sinn f\u00fcr das Wunderbare zu kultivieren, die Neugierde zu wecken und davon zu \u00fcberzeugen, dass die Welt voller M\u00f6glichkeiten ist, besonders als Studierender oder Studierende.<\/p>\t\t\t\t\t\t\t\t<\/div>\n\t\t\t\t<\/div>\n\t\t\t\t\t<\/div>\n\t\t<\/div>\n\t\t\t\t\t<\/div>\n\t\t<\/section>\n\t\t\t\t<section class=\"elementor-section elementor-top-section elementor-element elementor-element-3aa4850 elementor-section-boxed elementor-section-height-default elementor-section-height-default\" data-id=\"3aa4850\" data-element_type=\"section\">\n\t\t\t\t\t\t<div class=\"elementor-container elementor-column-gap-default\">\n\t\t\t\t\t<div class=\"elementor-column elementor-col-50 elementor-top-column elementor-element elementor-element-5089ee4\" data-id=\"5089ee4\" data-element_type=\"column\">\n\t\t\t<div class=\"elementor-widget-wrap elementor-element-populated\">\n\t\t\t\t\t\t<div class=\"elementor-element elementor-element-a8ac8c1 elementor-widget elementor-widget-image\" data-id=\"a8ac8c1\" data-element_type=\"widget\" data-widget_type=\"image.default\">\n\t\t\t\t<div class=\"elementor-widget-container\">\n\t\t\t\t\t\t\t\t\t\t\t\t\t\t\t<img fetchpriority=\"high\" decoding=\"async\" width=\"1024\" height=\"768\" src=\"https:\/\/iswi.org\/wp-content\/uploads\/WhatsApp-Image-2024-05-05-at-8.57.05-PM-1024x768.jpeg\" class=\"attachment-large size-large wp-image-11635\" alt=\"\" srcset=\"https:\/\/iswi.org\/wp-content\/uploads\/WhatsApp-Image-2024-05-05-at-8.57.05-PM-1024x768.jpeg 1024w, https:\/\/iswi.org\/wp-content\/uploads\/WhatsApp-Image-2024-05-05-at-8.57.05-PM-300x225.jpeg 300w, https:\/\/iswi.org\/wp-content\/uploads\/WhatsApp-Image-2024-05-05-at-8.57.05-PM-768x576.jpeg 768w, https:\/\/iswi.org\/wp-content\/uploads\/WhatsApp-Image-2024-05-05-at-8.57.05-PM-1536x1152.jpeg 1536w, https:\/\/iswi.org\/wp-content\/uploads\/WhatsApp-Image-2024-05-05-at-8.57.05-PM-16x12.jpeg 16w, https:\/\/iswi.org\/wp-content\/uploads\/WhatsApp-Image-2024-05-05-at-8.57.05-PM.jpeg 2048w\" sizes=\"(max-width: 1024px) 100vw, 1024px\" \/>\t\t\t\t\t\t\t\t\t\t\t\t\t\t\t<\/div>\n\t\t\t\t<\/div>\n\t\t\t\t\t<\/div>\n\t\t<\/div>\n\t\t\t\t<div class=\"elementor-column elementor-col-50 elementor-top-column elementor-element elementor-element-560d2ed\" data-id=\"560d2ed\" data-element_type=\"column\">\n\t\t\t<div class=\"elementor-widget-wrap elementor-element-populated\">\n\t\t\t\t\t\t<div class=\"elementor-element elementor-element-9fd0e1f elementor-widget elementor-widget-image\" data-id=\"9fd0e1f\" data-element_type=\"widget\" data-widget_type=\"image.default\">\n\t\t\t\t<div class=\"elementor-widget-container\">\n\t\t\t\t\t\t\t\t\t\t\t\t\t\t\t<img decoding=\"async\" width=\"1024\" height=\"683\" src=\"https:\/\/iswi.org\/wp-content\/uploads\/WhatsApp-Image-2024-05-05-at-8.57.02-PM.jpeg\" class=\"attachment-large size-large wp-image-11636\" alt=\"\" srcset=\"https:\/\/iswi.org\/wp-content\/uploads\/WhatsApp-Image-2024-05-05-at-8.57.02-PM.jpeg 1024w, https:\/\/iswi.org\/wp-content\/uploads\/WhatsApp-Image-2024-05-05-at-8.57.02-PM-300x200.jpeg 300w, https:\/\/iswi.org\/wp-content\/uploads\/WhatsApp-Image-2024-05-05-at-8.57.02-PM-768x512.jpeg 768w, https:\/\/iswi.org\/wp-content\/uploads\/WhatsApp-Image-2024-05-05-at-8.57.02-PM-391x260.jpeg 391w, https:\/\/iswi.org\/wp-content\/uploads\/WhatsApp-Image-2024-05-05-at-8.57.02-PM-18x12.jpeg 18w\" sizes=\"(max-width: 1024px) 100vw, 1024px\" \/>\t\t\t\t\t\t\t\t\t\t\t\t\t\t\t<\/div>\n\t\t\t\t<\/div>\n\t\t\t\t\t<\/div>\n\t\t<\/div>\n\t\t\t\t\t<\/div>\n\t\t<\/section>\n\t\t\t\t<section class=\"elementor-section elementor-top-section elementor-element elementor-element-e9e0053 elementor-section-boxed elementor-section-height-default elementor-section-height-default\" data-id=\"e9e0053\" data-element_type=\"section\">\n\t\t\t\t\t\t<div class=\"elementor-container elementor-column-gap-default\">\n\t\t\t\t\t<div class=\"elementor-column elementor-col-100 elementor-top-column elementor-element elementor-element-e5dd8d1\" data-id=\"e5dd8d1\" data-element_type=\"column\">\n\t\t\t<div class=\"elementor-widget-wrap elementor-element-populated\">\n\t\t\t\t\t\t<div class=\"elementor-element elementor-element-1ec48a1b elementor-widget elementor-widget-text-editor\" data-id=\"1ec48a1b\" data-element_type=\"widget\" data-widget_type=\"text-editor.default\">\n\t\t\t\t<div class=\"elementor-widget-container\">\n\t\t\t\t\t\t\t\t\t\n<h2 class=\"wp-block-heading\"><strong>Why Attend a Wanderlust Lecture?<\/strong><\/h2>\n\n<p><strong>Discover the World:<\/strong> Join us on an adventure as our fellow student speakers take you on a visual tour of their recent travels. Through captivating photos and videos, you'll virtually visit different destinations, gaining insights into their unique cultures, traditions, and landscapes.<\/p>\n\n<p><strong>Learn Practical Tips:<\/strong> Wondering how they made it happen? Our speakers will share their experiences of planning, budgeting, and preparing for their journeys. You'll pick up valuable tips on how to turn your own travel dreams into reality.<\/p>\n\n<p><strong>Find Inspiration: <\/strong>Wanderlust Lectures are not just about places; they're about the people and the stories that shape our world. Hear about encounters, friendships, workshops ,and life-changing moments that occurred along the way.<\/p>\n\n<p><strong>Connect with Like-Minded Explorers:<\/strong><em><strong>innen:<\/strong> Die Fernweh Vortr\u00e4ge sind eine Gelegenheit, mit Kommiliton<\/em>innen in Kontakt zu treten, die Ihre Leidenschaft f\u00fcr die Erkundung der Welt teilen. Vielleicht findet ihr gerade euren n\u00e4chsten Reisepartner oder eure n\u00e4chste Reisepartnerin!<\/p>\n\t\t\t\t\t\t\t\t<\/div>\n\t\t\t\t<\/div>\n\t\t\t\t\t<\/div>\n\t\t<\/div>\n\t\t\t\t\t<\/div>\n\t\t<\/section>\n\t\t\t\t<section class=\"elementor-section elementor-top-section elementor-element elementor-element-79f91e4 elementor-section-boxed elementor-section-height-default elementor-section-height-default\" data-id=\"79f91e4\" data-element_type=\"section\">\n\t\t\t\t\t\t<div class=\"elementor-container elementor-column-gap-default\">\n\t\t\t\t\t<div class=\"elementor-column elementor-col-50 elementor-top-column elementor-element elementor-element-7d9e2da\" data-id=\"7d9e2da\" data-element_type=\"column\">\n\t\t\t<div class=\"elementor-widget-wrap elementor-element-populated\">\n\t\t\t\t\t\t<div class=\"elementor-element elementor-element-3dbb90f elementor-widget elementor-widget-image\" data-id=\"3dbb90f\" data-element_type=\"widget\" data-widget_type=\"image.default\">\n\t\t\t\t<div class=\"elementor-widget-container\">\n\t\t\t\t\t\t\t\t\t\t\t\t\t\t\t<img decoding=\"async\" width=\"1024\" height=\"768\" src=\"https:\/\/iswi.org\/wp-content\/uploads\/WhatsApp-Image-2024-05-05-at-8.57.05-PM-1-1024x768.jpeg\" class=\"attachment-large size-large wp-image-11634\" alt=\"\" srcset=\"https:\/\/iswi.org\/wp-content\/uploads\/WhatsApp-Image-2024-05-05-at-8.57.05-PM-1-1024x768.jpeg 1024w, https:\/\/iswi.org\/wp-content\/uploads\/WhatsApp-Image-2024-05-05-at-8.57.05-PM-1-300x225.jpeg 300w, https:\/\/iswi.org\/wp-content\/uploads\/WhatsApp-Image-2024-05-05-at-8.57.05-PM-1-768x576.jpeg 768w, https:\/\/iswi.org\/wp-content\/uploads\/WhatsApp-Image-2024-05-05-at-8.57.05-PM-1-1536x1152.jpeg 1536w, https:\/\/iswi.org\/wp-content\/uploads\/WhatsApp-Image-2024-05-05-at-8.57.05-PM-1-16x12.jpeg 16w, https:\/\/iswi.org\/wp-content\/uploads\/WhatsApp-Image-2024-05-05-at-8.57.05-PM-1.jpeg 1600w\" sizes=\"(max-width: 1024px) 100vw, 1024px\" \/>\t\t\t\t\t\t\t\t\t\t\t\t\t\t\t<\/div>\n\t\t\t\t<\/div>\n\t\t\t\t\t<\/div>\n\t\t<\/div>\n\t\t\t\t<div class=\"elementor-column elementor-col-50 elementor-top-column elementor-element elementor-element-4465782\" data-id=\"4465782\" data-element_type=\"column\">\n\t\t\t<div class=\"elementor-widget-wrap elementor-element-populated\">\n\t\t\t\t\t\t<div class=\"elementor-element elementor-element-3295406 elementor-widget elementor-widget-image\" data-id=\"3295406\" data-element_type=\"widget\" data-widget_type=\"image.default\">\n\t\t\t\t<div class=\"elementor-widget-container\">\n\t\t\t\t\t\t\t\t\t\t\t\t\t\t\t<img loading=\"lazy\" decoding=\"async\" width=\"1024\" height=\"768\" src=\"https:\/\/iswi.org\/wp-content\/uploads\/WhatsApp-Image-2024-05-05-at-8.57.04-PM-1024x768.jpeg\" class=\"attachment-large size-large wp-image-11633\" alt=\"\" srcset=\"https:\/\/iswi.org\/wp-content\/uploads\/WhatsApp-Image-2024-05-05-at-8.57.04-PM-1024x768.jpeg 1024w, https:\/\/iswi.org\/wp-content\/uploads\/WhatsApp-Image-2024-05-05-at-8.57.04-PM-300x225.jpeg 300w, https:\/\/iswi.org\/wp-content\/uploads\/WhatsApp-Image-2024-05-05-at-8.57.04-PM-768x576.jpeg 768w, https:\/\/iswi.org\/wp-content\/uploads\/WhatsApp-Image-2024-05-05-at-8.57.04-PM-1536x1152.jpeg 1536w, https:\/\/iswi.org\/wp-content\/uploads\/WhatsApp-Image-2024-05-05-at-8.57.04-PM-16x12.jpeg 16w, https:\/\/iswi.org\/wp-content\/uploads\/WhatsApp-Image-2024-05-05-at-8.57.04-PM.jpeg 2048w\" sizes=\"(max-width: 1024px) 100vw, 1024px\" \/>\t\t\t\t\t\t\t\t\t\t\t\t\t\t\t<\/div>\n\t\t\t\t<\/div>\n\t\t\t\t\t<\/div>\n\t\t<\/div>\n\t\t\t\t\t<\/div>\n\t\t<\/section>\n\t\t\t\t<section class=\"elementor-section elementor-top-section elementor-element elementor-element-0b7c3b9 elementor-section-boxed elementor-section-height-default elementor-section-height-default\" data-id=\"0b7c3b9\" data-element_type=\"section\">\n\t\t\t\t\t\t<div class=\"elementor-container elementor-column-gap-default\">\n\t\t\t\t\t<div class=\"elementor-column elementor-col-100 elementor-top-column elementor-element elementor-element-182b16c\" data-id=\"182b16c\" data-element_type=\"column\">\n\t\t\t<div class=\"elementor-widget-wrap elementor-element-populated\">\n\t\t\t\t\t\t<div class=\"elementor-element elementor-element-c27ec16 elementor-widget elementor-widget-text-editor\" data-id=\"c27ec16\" data-element_type=\"widget\" data-widget_type=\"text-editor.default\">\n\t\t\t\t<div class=\"elementor-widget-container\">\n\t\t\t\t\t\t\t\t\t<p><strong>Upcoming Event:<br \/>Date: Tuesday, November 7<br \/>Venue: bc-Club<br \/>Time: 7:30 pm (entrance at 7 pm)<br \/>Admission: Absolutely free!<\/strong><\/p>\n<p><!-- \/wp:paragraph --><!-- wp:paragraph --><\/p>\n<p><strong>On Tuesday, November 7<\/strong> findet im <strong>bc-Club ab 19:30 Uhr<\/strong> der erste <strong>ISWI-Fernweh-Vortrag <\/strong>im Wintersemester statt. Der Eintritt ist kostenfrei. Manu (ehem. Referatsleiter Internationales vom StuRa) pr\u00e4sentiert euch mit Photos und Videos Eindr\u00fccke von seinen Reisen nach Belgrad (Serbien) zur internationalen Studierendenwoche ISWIB und zum Erasmus-Projekt in Steinsholt (Norwegen) von Green Youth Mobility. Erfahrt, wie er die Angebote gefunden hat, wie er sich vorbereitet und was er alles erlebt hat. Au\u00dferdem gibt es den ein oder anderen Tipp f\u00fcr&#8217;s Reisen. Kommt gern vorbei und entdeckt die Welt mit uns. Die Veranstaltung ist eine Kooperation des <strong>ISWI e.V.<\/strong> als <strong>lokaler Erasmusinitiative (LEI) mit dem bc-Club.<\/strong> Mehr Informationen bekommt ihr auch auf unserer <a href=\"https:\/\/iswi.org\/en\/\">Website<\/a> or <a href=\"https:\/\/www.instagram.com\/iswi.campus\/\">Instagram<\/a>.<\/p>\t\t\t\t\t\t\t\t<\/div>\n\t\t\t\t<\/div>\n\t\t\t\t\t<\/div>\n\t\t<\/div>\n\t\t\t\t\t<\/div>\n\t\t<\/section>\n\t\t\t\t<\/div>","protected":false},"excerpt":{"rendered":"<p>Was ist ein Fernweh Vortrag? Unsere Fernweh Vortr\u00e4ge sind einzigartige und fesselnde Veranstaltungen, die jedes mal von einem unserer Kommilitoninnen gehalten wird, derdie vor kurzem verschiedene Ecken der Welt erkundet [&hellip;]<\/p>","protected":false},"author":153,"featured_media":0,"parent":0,"menu_order":0,"comment_status":"closed","ping_status":"closed","template":"","meta":{"footnotes":""},"class_list":["post-11075","page","type-page","status-publish","hentry"],"blocksy_meta":[],"_links":{"self":[{"href":"https:\/\/iswi.org\/en\/wp-json\/wp\/v2\/pages\/11075","targetHints":{"allow":["GET"]}}],"collection":[{"href":"https:\/\/iswi.org\/en\/wp-json\/wp\/v2\/pages"}],"about":[{"href":"https:\/\/iswi.org\/en\/wp-json\/wp\/v2\/types\/page"}],"author":[{"embeddable":true,"href":"https:\/\/iswi.org\/en\/wp-json\/wp\/v2\/users\/153"}],"replies":[{"embeddable":true,"href":"https:\/\/iswi.org\/en\/wp-json\/wp\/v2\/comments?post=11075"}],"version-history":[{"count":8,"href":"https:\/\/iswi.org\/en\/wp-json\/wp\/v2\/pages\/11075\/revisions"}],"predecessor-version":[{"id":11644,"href":"https:\/\/iswi.org\/en\/wp-json\/wp\/v2\/pages\/11075\/revisions\/11644"}],"wp:attachment":[{"href":"https:\/\/iswi.org\/en\/wp-json\/wp\/v2\/media?parent=11075"}],"curies":[{"name":"wp","href":"https:\/\/api.w.org\/{rel}","templated":true}]}}