{"id":12,"date":"2013-11-18T16:26:17","date_gmt":"2013-11-18T16:26:17","guid":{"rendered":"http:\/\/iswi.org\/?page_id=12"},"modified":"2018-05-26T01:26:11","modified_gmt":"2018-05-25T23:26:11","slug":"iswi-2015","status":"publish","type":"page","link":"https:\/\/iswi.org\/en\/internationale-studierenden-woche-in-ilmenau\/iswi-2015\/","title":{"rendered":"ISWI 2015"},"content":{"rendered":"<h2>Alle Infos zur ISWI 2015 auf der neuen Website!<\/h2>\n<p>Seit kurzem gibt es eine eigene ISWI 2015 Website. Derzeit ist sie noch auf Englisch, in K\u00fcrze wird sie auch auf Deutsch erreichbar sein: <a title=\"Homepage ISWI 2015\" href=\"https:\/\/2015.iswi.org\/\">https:\/\/2015.iswi.org\/.<\/a><\/p>\n<h2>Planung und Organisation laufen auf Hochtouren<\/h2>\n<p>Es scheint gerade erst gestern gewesen zu sein, als die letzten ISWI 2013-Teilnehmenden<br \/>\nIlmenau verlassen hatten, doch die Planungen f\u00fcr die kommende internationale<br \/>\nStudierendenwoche laufen seit langem schon wieder auf Hochtouren.<\/p>\n<p>Die 12. Internationale Studierendenwoche in Ilmenau wird vom <strong>29.05. bis 07.06.2015<\/strong> zum Thema \u201e<strong>Verantwortung<\/strong>\u201c stattfinden. Unter dem Motto \u201e<strong>dare to care<\/strong>\u201c werden mehrere<br \/>\nhundert internationale Studierende aus circa 70 L\u00e4ndern zehn Tage lang diskutieren und<br \/>\ndabei ihre Ansichten und Meinungen austauschen.<\/p>\n<p>In den letzten Jahren fanden in der Welt viele Aufst\u00e4nde, Rebellionen und Machtwechsel<br \/>\nvon Regierungen statt, welche das aktuelle Weltbild entscheidend mitgepr\u00e4gt haben.<\/p>\n<p style=\"text-align: left;\">Verantwortung findet im gro\u00dfen Kontext statt, jedoch auch in unserem unmittelbaren<br \/>\nUmfeld. Jeder Mensch ist f\u00fcr sich selbst, sein Handeln beziehungsweise f\u00fcr seine Unt\u00e4tigkeit verantwortlich. Deshalb wird in der kommenden ISWI 2015 auch der Aspekt des \u201eAktivwerdens\u201c behandelt und durch das Motto \u201edare to care\u201c (Traue dich, tu etwas!)<br \/>\nunterstrichen.<br \/>\nDiese Fragestellungen rund um Verantwortung werden in 29 Gruppen mit Themen wie \u201eVerantwortung \u00fcbernehmen\u201c oder \u201eAktivismus hinterfragen\u201c behandelt.<br \/>\nAls Schirmherr konnte der Verein den Gr\u00fcnder des \u201eAlternativen Nobelpreises\u201c Jakob von<br \/>\nUexk\u00fcll gewinnen. Der j\u00e4hrlich verliehene \u201eRight Livelihood Award\u201c zeichnet Menschen aus, welche sich f\u00fcr humanit\u00e4re, soziale und \u00f6kologische Projekte auf dem Weg zu einer besseren Welt einsetzen. Seit den 80er Jahren zeichnete er Menschen aus, welche sich mit<br \/>\ngesellschaftlichen Problemen auseinander setzten und somit auf Sachverhalte aufmerksam machen. In diesem Jahr wurde der Preis unter anderem an den amerikanischen Ex-Geheimdienstmitarbeiter und Whistleblower Edward Snowden verliehen.<\/p>\n<p>Das Thema der ISWI 2015 wird durch ein Faultier symbolisiert, welches ein aus seinem Nest gefallenes V\u00f6gelchen rettet. Dadurch soll versinnbildlicht werden, dass selbst ein faules Tier aktiv werden und Verantwortung f\u00fcr seine Umgebung \u00fcbernehmen kann.<\/p>\n<p>In den n\u00e4chsten Monaten arbeiten die Mitglieder des ISWI e.V. weiterhin daran<br \/>\nReferenten\/Innen f\u00fcr Vortr\u00e4ge und Workshops zu gewinnen. Au\u00dferdem werden vielf\u00e4ltige<br \/>\nkulturelle Veranstaltungen organisiert, welche den inhaltlichen Teil des 10-t\u00e4gigen interkulturellen Austausches umrahmen.<\/p>\n<p><strong>F\u00fcr alle interessierten Ilmenauer:<\/strong><\/p>\n<p>Wenn ihr Lust habt, uns bei der Organisation oder anderweitig zu unterst\u00fctzten, schreibt uns einfache eine Mail an info@iswi.org oder kommt im ISWI-B\u00fcro vorbei (Keller Haus A, Max-Planck-Ring 7). Unsere Sitzung findet aktuell immer am Montag um 18.30 Uhr statt. Aber meist kann man uns auch tags\u00fcber im B\u00fcro antreffen. Also schaut vorbei.<\/p>","protected":false},"excerpt":{"rendered":"<p>Alle Infos zur ISWI 2015 auf der neuen Website! Seit kurzem gibt es eine eigene ISWI 2015 Website. Derzeit ist sie noch auf Englisch, in K\u00fcrze wird sie auch auf [&hellip;]<\/p>","protected":false},"author":61,"featured_media":1629,"parent":8,"menu_order":0,"comment_status":"closed","ping_status":"closed","template":"","meta":{"footnotes":""},"class_list":["post-12","page","type-page","status-publish","has-post-thumbnail","hentry"],"blocksy_meta":[],"_links":{"self":[{"href":"https:\/\/iswi.org\/en\/wp-json\/wp\/v2\/pages\/12","targetHints":{"allow":["GET"]}}],"collection":[{"href":"https:\/\/iswi.org\/en\/wp-json\/wp\/v2\/pages"}],"about":[{"href":"https:\/\/iswi.org\/en\/wp-json\/wp\/v2\/types\/page"}],"author":[{"embeddable":true,"href":"https:\/\/iswi.org\/en\/wp-json\/wp\/v2\/users\/61"}],"replies":[{"embeddable":true,"href":"https:\/\/iswi.org\/en\/wp-json\/wp\/v2\/comments?post=12"}],"version-history":[{"count":0,"href":"https:\/\/iswi.org\/en\/wp-json\/wp\/v2\/pages\/12\/revisions"}],"up":[{"embeddable":true,"href":"https:\/\/iswi.org\/en\/wp-json\/wp\/v2\/pages\/8"}],"wp:featuredmedia":[{"embeddable":true,"href":"https:\/\/iswi.org\/en\/wp-json\/wp\/v2\/media\/1629"}],"wp:attachment":[{"href":"https:\/\/iswi.org\/en\/wp-json\/wp\/v2\/media?parent=12"}],"curies":[{"name":"wp","href":"https:\/\/api.w.org\/{rel}","templated":true}]}}