{"id":1456,"date":"2014-07-21T19:01:11","date_gmt":"2014-07-21T17:01:11","guid":{"rendered":"http:\/\/iswi.org\/?page_id=1456"},"modified":"2014-07-21T19:01:11","modified_gmt":"2014-07-21T17:01:11","slug":"spieleabend","status":"publish","type":"page","link":"https:\/\/iswi.org\/en\/projekte\/spieleabend\/","title":{"rendered":"Spieleabend"},"content":{"rendered":"<p style=\"text-align: justify;\">Im Fernseher l\u00e4uft immer nur das gleiche, erm\u00fcdende Programm und deine Mitbewohner sind noch nicht von ihrem Wochenendausflug zur\u00fcck? Du sitzt gelangweilt in deinem Zimmer, wobei dich das Nasebohren vom Einschlafen abh\u00e4lt, w\u00e4hrend du darauf wartest, dass irgendwas passiert?<\/p>\n<p style=\"text-align: justify;\">Unter solchen Umst\u00e4nden, aber auch wenn du einfach mal Lust drauf hast (Du musst kein totaler Langweiler sein, um kommen zu d\u00fcrfen): Komm\u2018 doch zum Spieleabend!<\/p>\n<p style=\"text-align: justify;\">Beim Spieleabend packen wir in angenehmer, meist auch internationaler Atmosph\u00e4re alte Klassiker aus oder erfreuen uns an jungen bzw. junggebliebenen Meisterwerken der Spielgeschichte.<\/p>\n<p>Lass\u2018 deinen alten Kniffelbecher nicht staubig im Regal dahinvegetieren, sondern hauche ihm neues Leben ein!<\/p>\n<p style=\"text-align: justify;\">Sonntag 20 Uhr, ungerade Wochen, Sofas im ISWI-B\u00fcro im Haus A<\/p>","protected":false},"excerpt":{"rendered":"<p>Im Fernseher l\u00e4uft immer nur das gleiche, erm\u00fcdende Programm und deine Mitbewohner sind noch nicht von ihrem Wochenendausflug zur\u00fcck? Du sitzt gelangweilt in deinem Zimmer, wobei dich das Nasebohren vom [&hellip;]<\/p>","protected":false},"author":6,"featured_media":1458,"parent":62,"menu_order":0,"comment_status":"closed","ping_status":"closed","template":"","meta":{"footnotes":""},"class_list":["post-1456","page","type-page","status-publish","has-post-thumbnail","hentry"],"blocksy_meta":[],"_links":{"self":[{"href":"https:\/\/iswi.org\/en\/wp-json\/wp\/v2\/pages\/1456","targetHints":{"allow":["GET"]}}],"collection":[{"href":"https:\/\/iswi.org\/en\/wp-json\/wp\/v2\/pages"}],"about":[{"href":"https:\/\/iswi.org\/en\/wp-json\/wp\/v2\/types\/page"}],"author":[{"embeddable":true,"href":"https:\/\/iswi.org\/en\/wp-json\/wp\/v2\/users\/6"}],"replies":[{"embeddable":true,"href":"https:\/\/iswi.org\/en\/wp-json\/wp\/v2\/comments?post=1456"}],"version-history":[{"count":0,"href":"https:\/\/iswi.org\/en\/wp-json\/wp\/v2\/pages\/1456\/revisions"}],"up":[{"embeddable":true,"href":"https:\/\/iswi.org\/en\/wp-json\/wp\/v2\/pages\/62"}],"wp:featuredmedia":[{"embeddable":true,"href":"https:\/\/iswi.org\/en\/wp-json\/wp\/v2\/media\/1458"}],"wp:attachment":[{"href":"https:\/\/iswi.org\/en\/wp-json\/wp\/v2\/media?parent=1456"}],"curies":[{"name":"wp","href":"https:\/\/api.w.org\/{rel}","templated":true}]}}