{"id":1535,"date":"2014-10-06T16:01:08","date_gmt":"2014-10-06T14:01:08","guid":{"rendered":"http:\/\/iswi.org\/?page_id=1535"},"modified":"2014-10-28T16:56:40","modified_gmt":"2014-10-28T15:56:40","slug":"hallo-welt","status":"publish","type":"page","link":"https:\/\/iswi.org\/en\/projekte\/hallo-welt\/","title":{"rendered":"&#8222;Hallo Welt!&#8220;"},"content":{"rendered":"<p>&#8222;Hallo Welt!&#8220; ist ein interkulturelles Austauschprojekt f\u00fcr Sch\u00fcler*Innen des Ilm-Kreises und internationale Studierende der Technischen Universit\u00e4t Ilmenau. Gemeinsam mit den Studierenden und in Zusammenarbeit mit Schulen, Jugendzentren und \u00f6ffentlichen Bildungseinrichtungen gestalten wir interkulturelle Unterrichtsstunden, Projekttage und -wochen zu unterschiedlichen Themen aus. In Vorbereitung darauf erhalten die Studierenden eine Basis-Ausbildung zum Gestalten von Unterrichtsstunden.<\/p>\n<p>Ziel des Projektes &#8222;Hallo Welt!&#8220; ist die F\u00f6rderung der interkulturellen Kompetenz bei Sch\u00fcler*Innen aller Altersklassen. Offenheit und Toleranz sollen gest\u00e4rkt, ggf. existierende Stereotype aufgebrochen und Vorurteile abgebaut werden.<\/p>","protected":false},"excerpt":{"rendered":"<p>&#8222;Hallo Welt!&#8220; ist ein interkulturelles Austauschprojekt f\u00fcr Sch\u00fcler*Innen des Ilm-Kreises und internationale Studierende der Technischen Universit\u00e4t Ilmenau. Gemeinsam mit den Studierenden und in Zusammenarbeit mit Schulen, Jugendzentren und \u00f6ffentlichen Bildungseinrichtungen [&hellip;]<\/p>","protected":false},"author":61,"featured_media":0,"parent":62,"menu_order":0,"comment_status":"closed","ping_status":"closed","template":"","meta":{"footnotes":""},"class_list":["post-1535","page","type-page","status-publish","hentry"],"blocksy_meta":[],"_links":{"self":[{"href":"https:\/\/iswi.org\/en\/wp-json\/wp\/v2\/pages\/1535","targetHints":{"allow":["GET"]}}],"collection":[{"href":"https:\/\/iswi.org\/en\/wp-json\/wp\/v2\/pages"}],"about":[{"href":"https:\/\/iswi.org\/en\/wp-json\/wp\/v2\/types\/page"}],"author":[{"embeddable":true,"href":"https:\/\/iswi.org\/en\/wp-json\/wp\/v2\/users\/61"}],"replies":[{"embeddable":true,"href":"https:\/\/iswi.org\/en\/wp-json\/wp\/v2\/comments?post=1535"}],"version-history":[{"count":0,"href":"https:\/\/iswi.org\/en\/wp-json\/wp\/v2\/pages\/1535\/revisions"}],"up":[{"embeddable":true,"href":"https:\/\/iswi.org\/en\/wp-json\/wp\/v2\/pages\/62"}],"wp:attachment":[{"href":"https:\/\/iswi.org\/en\/wp-json\/wp\/v2\/media?parent=1535"}],"curies":[{"name":"wp","href":"https:\/\/api.w.org\/{rel}","templated":true}]}}