{"id":1539,"date":"2014-10-06T16:03:51","date_gmt":"2014-10-06T14:03:51","guid":{"rendered":"http:\/\/iswi.org\/?page_id=1539"},"modified":"2024-01-11T21:59:16","modified_gmt":"2024-01-11T20:59:16","slug":"fluechtlinge-willkommen","status":"publish","type":"page","link":"https:\/\/iswi.org\/en\/projekte\/fluechtlinge-willkommen\/","title":{"rendered":"Refugees welcome"},"content":{"rendered":"<p><a href=\"https:\/\/iswi.org\/wp-content\/uploads\/cropped-Refugees-Website_Header_neu-1.png\"><img fetchpriority=\"high\" decoding=\"async\" class=\"alignnone size-large wp-image-3507\" src=\"https:\/\/iswi.org\/wp-content\/uploads\/cropped-Refugees-Website_Header_neu-1-1024x238.png\" alt=\"\" width=\"780\" height=\"181\" srcset=\"https:\/\/iswi.org\/wp-content\/uploads\/cropped-Refugees-Website_Header_neu-1-1024x238.png 1024w, https:\/\/iswi.org\/wp-content\/uploads\/cropped-Refugees-Website_Header_neu-1-300x70.png 300w, https:\/\/iswi.org\/wp-content\/uploads\/cropped-Refugees-Website_Header_neu-1-768x179.png 768w, https:\/\/iswi.org\/wp-content\/uploads\/cropped-Refugees-Website_Header_neu-1.png 1200w\" sizes=\"(max-width: 780px) 100vw, 780px\" \/><\/a><\/p>\n<p style=\"text-align: justify;\">With this project we would like to contribute our part to a better welcoming culture in Thuringia and especially in Ilmenau. In addition, we want to better integrate the refugees into society and offer them a home during their time in Thuringia.<\/p>\n<p style=\"text-align: justify;\">We see the cooperation as an opportunity to improve intercultural communication between the citizens of Ilmenau and the refugees and hope to achieve mutual understanding and friendship between people.<\/p>\n<p style=\"text-align: justify;\">Aus diesem Grund hat sich im November und Dezember 2014 in Ilmenau das Unterst\u00fctzer*Innennetzwerk &#8222;Fl\u00fcchtlinge Willkommen&#8220; gegr\u00fcndet, das durch den ISWI e.V. personell und infrastrukturell unterst\u00fctzt wird.<\/p>\n<hr \/>\n<p style=\"text-align: justify;\"><strong>Contact the network<\/strong><\/p>\n<p style=\"text-align: justify;\">If you would like to join the network yourself or would like to get in touch with the network, please write to: <strong>refugees@iswi.org<\/strong><\/p>\n<p><a href=\"https:\/\/refugees.iswi.org\">Website of the Ilmenau refugee network<\/a><\/p>\n<hr \/>\n<p style=\"text-align: justify;\"><strong>Donations to the network<\/strong><\/p>\n<p style=\"text-align: justify;\">Geldspenden f\u00fcr die Arbeit des Unterst\u00fctzer*Innennetzwerkes k\u00f6nnen Sie unter dem Verwendungszweck &#8222;Fluechtlinge Willkommen Spende&#8220; auf das Konto der Impact Evolution gGmbH (Tr\u00e4ger des Ilmenauer Fl\u00fcchtlingsnetzwerkes) \u00fcberweisen:<\/p>\n<ul>\n<li style=\"text-align: justify;\">Kontoinhaber: Impact Evolution gGmbH<\/li>\n<li style=\"text-align: justify;\">IBAN: DE60 8405 1010 1010 2790 48<\/li>\n<li style=\"text-align: justify;\">BIC: HELADEF1ILK<\/li>\n<li style=\"text-align: justify;\">Verwendungszweck: &#8222;Fluechtlinge Willkommen Spende&#8220;<\/li>\n<\/ul>","protected":false},"excerpt":{"rendered":"<p>Mit diesem Projekt m\u00f6chten wir unseren Teil zu einer besseren Willkommenskultur in Th\u00fcringen und besonders in Ilmenau beitragen. Dar\u00fcber hinaus wollen wir die Fl\u00fcchtlinge besser in die Gesellschaft integrieren und [&hellip;]<\/p>","protected":false},"author":61,"featured_media":0,"parent":62,"menu_order":0,"comment_status":"closed","ping_status":"closed","template":"","meta":{"footnotes":""},"class_list":["post-1539","page","type-page","status-publish","hentry"],"blocksy_meta":[],"_links":{"self":[{"href":"https:\/\/iswi.org\/en\/wp-json\/wp\/v2\/pages\/1539","targetHints":{"allow":["GET"]}}],"collection":[{"href":"https:\/\/iswi.org\/en\/wp-json\/wp\/v2\/pages"}],"about":[{"href":"https:\/\/iswi.org\/en\/wp-json\/wp\/v2\/types\/page"}],"author":[{"embeddable":true,"href":"https:\/\/iswi.org\/en\/wp-json\/wp\/v2\/users\/61"}],"replies":[{"embeddable":true,"href":"https:\/\/iswi.org\/en\/wp-json\/wp\/v2\/comments?post=1539"}],"version-history":[{"count":0,"href":"https:\/\/iswi.org\/en\/wp-json\/wp\/v2\/pages\/1539\/revisions"}],"up":[{"embeddable":true,"href":"https:\/\/iswi.org\/en\/wp-json\/wp\/v2\/pages\/62"}],"wp:attachment":[{"href":"https:\/\/iswi.org\/en\/wp-json\/wp\/v2\/media?parent=1539"}],"curies":[{"name":"wp","href":"https:\/\/api.w.org\/{rel}","templated":true}]}}