{"id":154,"date":"2013-11-22T15:09:26","date_gmt":"2013-11-22T15:09:26","guid":{"rendered":"http:\/\/iswi.org\/?page_id=154"},"modified":"2014-04-04T12:08:16","modified_gmt":"2014-04-04T12:08:16","slug":"verein","status":"publish","type":"page","link":"https:\/\/iswi.org\/en\/verein\/","title":{"rendered":"Association"},"content":{"rendered":"<p style=\"text-align: left\">Hier findet Ihr grundlegenden Informationen \u00fcber unseren Verein.<\/p>\n<p style=\"text-align: left\">Ihr erfahrt unter anderem, wer wir \u00fcberhaupt sind und was f\u00fcr Ziele wir verfolgen und auch wer unsere F\u00f6rderer sind, durch die, die vielf\u00e4ltigen Projekte erm\u00f6glicht werden k\u00f6nnen.<\/p>","protected":false},"excerpt":{"rendered":"<p>Hier findet Ihr grundlegenden Informationen \u00fcber unseren Verein. Ihr erfahrt unter anderem, wer wir \u00fcberhaupt sind und was f\u00fcr Ziele wir verfolgen und auch wer unsere F\u00f6rderer sind, durch die, [&hellip;]<\/p>","protected":false},"author":61,"featured_media":323,"parent":0,"menu_order":-1,"comment_status":"closed","ping_status":"closed","template":"","meta":{"footnotes":""},"class_list":["post-154","page","type-page","status-publish","has-post-thumbnail","hentry"],"blocksy_meta":[],"_links":{"self":[{"href":"https:\/\/iswi.org\/en\/wp-json\/wp\/v2\/pages\/154","targetHints":{"allow":["GET"]}}],"collection":[{"href":"https:\/\/iswi.org\/en\/wp-json\/wp\/v2\/pages"}],"about":[{"href":"https:\/\/iswi.org\/en\/wp-json\/wp\/v2\/types\/page"}],"author":[{"embeddable":true,"href":"https:\/\/iswi.org\/en\/wp-json\/wp\/v2\/users\/61"}],"replies":[{"embeddable":true,"href":"https:\/\/iswi.org\/en\/wp-json\/wp\/v2\/comments?post=154"}],"version-history":[{"count":0,"href":"https:\/\/iswi.org\/en\/wp-json\/wp\/v2\/pages\/154\/revisions"}],"wp:featuredmedia":[{"embeddable":true,"href":"https:\/\/iswi.org\/en\/wp-json\/wp\/v2\/media\/323"}],"wp:attachment":[{"href":"https:\/\/iswi.org\/en\/wp-json\/wp\/v2\/media?parent=154"}],"curies":[{"name":"wp","href":"https:\/\/api.w.org\/{rel}","templated":true}]}}