{"id":167,"date":"2022-12-07T00:34:14","date_gmt":"2022-12-06T23:34:14","guid":{"rendered":"http:\/\/iswi.org\/?page_id=167"},"modified":"2023-12-08T21:56:28","modified_gmt":"2023-12-08T20:56:28","slug":"professoren-lesen-weihnachtsmaerchen","status":"publish","type":"page","link":"https:\/\/iswi.org\/en\/projekte\/professoren-lesen-weihnachtsmaerchen\/","title":{"rendered":"Professors read Christmas fairy tales"},"content":{"rendered":"<div data-elementor-type=\"wp-page\" data-elementor-id=\"167\" class=\"elementor elementor-167\">\n\t\t\t\t<div class=\"elementor-element elementor-element-2b937443 e-flex e-con-boxed e-con e-parent\" data-id=\"2b937443\" data-element_type=\"container\">\n\t\t\t\t\t<div class=\"e-con-inner\">\n\t\t\t\t<div class=\"elementor-element elementor-element-17a242a5 elementor-widget elementor-widget-text-editor\" data-id=\"17a242a5\" data-element_type=\"widget\" data-widget_type=\"text-editor.default\">\n\t\t\t\t<div class=\"elementor-widget-container\">\n\t\t\t\t\t\t\t\t\t<div class=\"AutoHeight\">\n<div>\n<div id=\"b1ki9je7ijycdb74t8agni1ooh_message\" class=\"post__body post--edited\">\n<div>\n<div class=\"post-message post-message--collapsed\">\n<div class=\"post-message__text-container\">\n<div id=\"postMessageText_b1ki9je7ijycdb74t8agni1ooh\" class=\"post-message__text\" dir=\"auto\">\n<p><strong>The Concept<\/strong><\/p>\n<p>Every year in the run-up to Christmas, we invite professors <strong>to read fairy tales of their choice to students in a cosy atmosphere.<\/strong>. Plus there is <strong>Gl\u00fchwein<\/strong>, <strong>Tea<\/strong> and homemade ones <strong>cookies<\/strong>. We also collect donations for social projects.<\/p>\n<p><strong>Professors read Christmas tales 2023<\/strong><\/p>\n<p>The event will take place this year on <strong>Tuesday, 12 December<\/strong> from <strong>7 o'clock<\/strong> in <strong>bc-Caf\u00e9<\/strong> .<br>This year, we are happy to welcome <strong>Prof. Scharff, Prof. Lieb<\/strong>&nbsp; and <strong>Prof. K\u00f6hler<\/strong>&nbsp;begr\u00fc\u00dfen k\u00f6nnen und ihren Lieblingsweihnachtsgeschichten lauschen k\u00f6nnen. Au\u00dferdem wird die ISWI-Musikgruppe f\u00fcr euch spielen. Also kommt gern vorbei und genie\u00dft die Geschichten und die Pl\u00e4tzchen.<\/p>\n<p><strong>To collect donations<\/strong> This year, we are supporting jipi gUG's Herzensw\u00fcnsche campaign, where children of people in need can write wish lists and have them fulfilled through donations.<br>More<strong> information<\/strong> you will find it <a href=\"https:\/\/www.insuedthueringen.de\/inhalt.weihnachtsaktion-herzenswuensche-werden-in-ilmenau-erfuellt.907d79ed-e831-4f58-b52e-ce4c7a68f102.html\"><strong>here<\/strong>.<\/a><br><strong>Donations<\/strong> can be transferred to jipi gUG with the following IBAN: <strong>DE96 8405 1010 1010 1623 88<\/strong><\/p>\n<p>A <strong>Streaming via iSTUFF<\/strong> and a <strong>recording<\/strong> under the <strong>FeM&nbsp;sind geplant<\/strong> and will be via <a href=\"https:\/\/www.instagram.com\/iswi.campus\/\">Instagram<\/a> and <a href=\"https:\/\/www.facebook.com\/iswi.campus\">Facebook<\/a> advertised<\/p>\n<\/div>\n<\/div>\n<\/div>\n<\/div>\n<\/div>\n<\/div>\n<\/div>\n<p style=\"text-align: justify;\"><img fetchpriority=\"high\" decoding=\"async\" class=\"alignnone size-medium wp-image-3215\" src=\"https:\/\/iswi.org\/wp-content\/uploads\/38994437032_6914c7b42e_z-300x199.jpg\" alt=\"\" width=\"300\" height=\"199\" srcset=\"https:\/\/iswi.org\/wp-content\/uploads\/38994437032_6914c7b42e_z-300x199.jpg 300w, https:\/\/iswi.org\/wp-content\/uploads\/38994437032_6914c7b42e_z.jpg 640w\" sizes=\"(max-width: 300px) 100vw, 300px\" \/>&nbsp;&nbsp;&nbsp;&nbsp;&nbsp;&nbsp;&nbsp;&nbsp;<img decoding=\"async\" class=\"alignnone size-medium wp-image-3211\" src=\"https:\/\/iswi.org\/wp-content\/uploads\/27254443099_91dc96b345_z-300x199.jpg\" alt=\"\" width=\"300\" height=\"199\" srcset=\"https:\/\/iswi.org\/wp-content\/uploads\/27254443099_91dc96b345_z-300x199.jpg 300w, https:\/\/iswi.org\/wp-content\/uploads\/27254443099_91dc96b345_z.jpg 640w\" sizes=\"(max-width: 300px) 100vw, 300px\" \/><\/p>\n<p><\/p>\n<p><strong>Cooperation partners<\/strong><\/p>\n<p><\/p>\n<p><\/p>\n<figure class=\"wp-block-image size-full\"><a href=\"https:\/\/iswi.org\/wp-content\/uploads\/image.png\"><img decoding=\"async\" width=\"516\" height=\"51\" src=\"https:\/\/iswi.org\/wp-content\/uploads\/image.png\" alt=\"\" class=\"wp-image-9833\" srcset=\"https:\/\/iswi.org\/wp-content\/uploads\/image.png 516w, https:\/\/iswi.org\/wp-content\/uploads\/image-300x30.png 300w\" sizes=\"(max-width: 516px) 100vw, 516px\" \/><\/a><\/figure>\n<p><\/p>\t\t\t\t\t\t\t\t<\/div>\n\t\t\t\t<\/div>\n\t\t\t\t\t<\/div>\n\t\t\t\t<\/div>\n\t\t\t\t<\/div>","protected":false},"excerpt":{"rendered":"<p>Das Konzept Jedes Jahr zur Vorweihnachtszeit laden wir Professor:innen ein, den Studierenden in gem\u00fctlicher Atmosph\u00e4re selbst gew\u00e4hlte M\u00e4rchen vorzulesen. Dazu gibt es Gl\u00fchwein, Tee und selbst gebackene Pl\u00e4tzchen. Au\u00dferdem sammeln [&hellip;]<\/p>","protected":false},"author":47,"featured_media":558,"parent":62,"menu_order":4,"comment_status":"closed","ping_status":"closed","template":"","meta":{"footnotes":""},"class_list":["post-167","page","type-page","status-publish","has-post-thumbnail","hentry"],"blocksy_meta":[],"_links":{"self":[{"href":"https:\/\/iswi.org\/en\/wp-json\/wp\/v2\/pages\/167","targetHints":{"allow":["GET"]}}],"collection":[{"href":"https:\/\/iswi.org\/en\/wp-json\/wp\/v2\/pages"}],"about":[{"href":"https:\/\/iswi.org\/en\/wp-json\/wp\/v2\/types\/page"}],"author":[{"embeddable":true,"href":"https:\/\/iswi.org\/en\/wp-json\/wp\/v2\/users\/47"}],"replies":[{"embeddable":true,"href":"https:\/\/iswi.org\/en\/wp-json\/wp\/v2\/comments?post=167"}],"version-history":[{"count":0,"href":"https:\/\/iswi.org\/en\/wp-json\/wp\/v2\/pages\/167\/revisions"}],"up":[{"embeddable":true,"href":"https:\/\/iswi.org\/en\/wp-json\/wp\/v2\/pages\/62"}],"wp:featuredmedia":[{"embeddable":true,"href":"https:\/\/iswi.org\/en\/wp-json\/wp\/v2\/media\/558"}],"wp:attachment":[{"href":"https:\/\/iswi.org\/en\/wp-json\/wp\/v2\/media?parent=167"}],"curies":[{"name":"wp","href":"https:\/\/api.w.org\/{rel}","templated":true}]}}