{"id":231,"date":"2013-12-15T20:58:59","date_gmt":"2013-12-15T20:58:59","guid":{"rendered":"http:\/\/iswi.org\/?page_id=231"},"modified":"2014-06-11T21:58:42","modified_gmt":"2014-06-11T19:58:42","slug":"vortraege-und-lesungen","status":"publish","type":"page","link":"https:\/\/iswi.org\/en\/projekte\/vortraege-und-lesungen\/","title":{"rendered":"Vortr\u00e4ge und Lesungen"},"content":{"rendered":"<p style=\"text-align: justify\">Der ISWI e.V. veranstaltet immer wieder aus aktuellem Anlass eine <b>Vortragsreihe.<\/b><\/p>\n<p style=\"text-align: justify\">Dieses Projekt besteht aus einer Reihe von Einzelvortr\u00e4gen, die ein spezifisches Thema, wie z.B. \u201eKrise? Versteh&#8216; ich nicht!\u201c zur Wirtschafts- und Finanzkrise<b> <\/b>thematisieren.<\/p>\n<p style=\"text-align: justify\">Aktuell bezieht diese sich auf das Motto<br \/>\n<strong>\u201eHerausforderungen heute und morgen&#8220;<\/strong> (<strong>Challenges of today and tomorrow<\/strong>).<\/p>\n<p style=\"text-align: justify\">F\u00fcr das Sommersemester 2014 werden die folgenden Vortr\u00e4ge\u00a0 angeboten:<\/p>\n<p>[catlist id=11 numberposts=10 order=ASC]<\/p>\n<p>Mit dieser Vortragsreihe m\u00f6chten wir interessierten Studierenden und Universit\u00e4ts-angeh\u00f6rigen, aber auch Sch\u00fcler_Innen und Ilmenauer B\u00fcrger_Innen einen tieferen Einblick in eine aktuelle Thematik erm\u00f6glichen.<b><br \/>\n<\/b><br \/>\nUnser Ziel ist es, das wirtschaftspolitische und kulturelle Verst\u00e4ndnis zu f\u00f6rdern, um das derzeitige Geschehen besser verstehen zu k\u00f6nnen sowie einen guten \u00dcberblick \u00fcber die Zusammenh\u00e4nge zu erm\u00f6glichen.<\/p>","protected":false},"excerpt":{"rendered":"<p>Der ISWI e.V. veranstaltet immer wieder aus aktuellem Anlass eine Vortragsreihe. Dieses Projekt besteht aus einer Reihe von Einzelvortr\u00e4gen, die ein spezifisches Thema, wie z.B. \u201eKrise? Versteh&#8216; ich nicht!\u201c zur [&hellip;]<\/p>","protected":false},"author":6,"featured_media":0,"parent":62,"menu_order":5,"comment_status":"closed","ping_status":"closed","template":"","meta":{"footnotes":""},"class_list":["post-231","page","type-page","status-publish","hentry"],"blocksy_meta":[],"_links":{"self":[{"href":"https:\/\/iswi.org\/en\/wp-json\/wp\/v2\/pages\/231","targetHints":{"allow":["GET"]}}],"collection":[{"href":"https:\/\/iswi.org\/en\/wp-json\/wp\/v2\/pages"}],"about":[{"href":"https:\/\/iswi.org\/en\/wp-json\/wp\/v2\/types\/page"}],"author":[{"embeddable":true,"href":"https:\/\/iswi.org\/en\/wp-json\/wp\/v2\/users\/6"}],"replies":[{"embeddable":true,"href":"https:\/\/iswi.org\/en\/wp-json\/wp\/v2\/comments?post=231"}],"version-history":[{"count":0,"href":"https:\/\/iswi.org\/en\/wp-json\/wp\/v2\/pages\/231\/revisions"}],"up":[{"embeddable":true,"href":"https:\/\/iswi.org\/en\/wp-json\/wp\/v2\/pages\/62"}],"wp:attachment":[{"href":"https:\/\/iswi.org\/en\/wp-json\/wp\/v2\/media?parent=231"}],"curies":[{"name":"wp","href":"https:\/\/api.w.org\/{rel}","templated":true}]}}