{"id":26,"date":"2013-11-18T16:38:54","date_gmt":"2013-11-18T16:38:54","guid":{"rendered":"http:\/\/iswi.org\/?page_id=26"},"modified":"2018-05-26T01:22:35","modified_gmt":"2018-05-25T23:22:35","slug":"iswi-2009","status":"publish","type":"page","link":"https:\/\/iswi.org\/en\/internationale-studierenden-woche-in-ilmenau\/iswi-2009\/","title":{"rendered":"ISWI 2009"},"content":{"rendered":"<h2>&#8222;Right now!&#8220;<\/h2>\n<h2>8. &#8211; 17. Mai 2009<\/h2>\n<p style=\"text-align: justify\">Die Initiative Solidarische Welt Ilmenau befindet sich derzeitig in den Vorbereitungen zur neunten Internationalen Studentenwoche in Ilmenau (ISWI).<\/p>\n<p style=\"text-align: justify\">Im Mittelpunkt der Konferenz werden die Menschenrechte stehen. Unter dem Motto &#8222;Right now!&#8220; erwarten wir vom 8. bis 17. Mai 2009 ca. 370 Teilnehmer aus \u00fcber 70 L\u00e4ndern.<\/p>\n<p style=\"text-align: justify\">In Vortr\u00e4gen, Gruppenarbeit und Workshops wird unseren Teilnehmern ein offenes Forum f\u00fcr den freien Meinungsaustausch und Diskussionen geboten. Unser Ziel ist es gemeinsam mit unseren Helfern und Unterst\u00fctzern f\u00fcr V\u00f6lkerverst\u00e4ndigung und Toleranz zu werben und somit einen Dialog der Kulturen zu erm\u00f6glichen.<\/p>\n<p style=\"text-align: justify\">Neben vielen anderen \u00f6ffentlichen Tr\u00e4gern, Vereinen und Initiativen unterst\u00fctzt uns dabei die Technische Universit\u00e4t Ilmenau, auf deren Campus die Studentenwoche seit 1993 stattfindet.<\/p>\n<p style=\"text-align: justify\">Als Schirmherrin konnten wir die ehemalige Sonderbeauftragte des UN Generalsekret\u00e4rs f\u00fcr die Situation von Menschenrechtsanw\u00e4lten Hina Jilani gewinnen. Wir hoffen sie und weitere hochkar\u00e4tige Referenten in Ilmenau begr\u00fc\u00dfen zu k\u00f6nnen.<\/p>\n<p style=\"text-align: justify\">Die inhaltliche Arbeit der Konferenz wird von einem abwechslungsreichen Kulturprogramm begleitet. Dieses beinhaltet neben der traditionellen Er\u00f6ffnungs- und Abschluss-veranstaltung den &#8222;International brunch&#8220;, ein Open Air sowie ein internationales Stra\u00dfenfest.<\/p>\n<p style=\"text-align: justify\">Wir hoffen, dass Sie alle gesuchten Informationen zu diesem Projekt auf unseren Seiten finden.<\/p>\n<p style=\"text-align: justify\">Bei Fragen oder Anregungen stehen wir Ihnen gern unter <a href=\"https:\/\/iswi.org\/en\/kontakt\/\">Contact<\/a> zur Verf\u00fcgung.<\/p>","protected":false},"excerpt":{"rendered":"<p>&#8222;Right now!&#8220; 8. &#8211; 17. Mai 2009 Die Initiative Solidarische Welt Ilmenau befindet sich derzeitig in den Vorbereitungen zur neunten Internationalen Studentenwoche in Ilmenau (ISWI). Im Mittelpunkt der Konferenz werden [&hellip;]<\/p>","protected":false},"author":61,"featured_media":0,"parent":8,"menu_order":3,"comment_status":"closed","ping_status":"closed","template":"","meta":{"footnotes":""},"class_list":["post-26","page","type-page","status-publish","hentry"],"blocksy_meta":[],"_links":{"self":[{"href":"https:\/\/iswi.org\/en\/wp-json\/wp\/v2\/pages\/26","targetHints":{"allow":["GET"]}}],"collection":[{"href":"https:\/\/iswi.org\/en\/wp-json\/wp\/v2\/pages"}],"about":[{"href":"https:\/\/iswi.org\/en\/wp-json\/wp\/v2\/types\/page"}],"author":[{"embeddable":true,"href":"https:\/\/iswi.org\/en\/wp-json\/wp\/v2\/users\/61"}],"replies":[{"embeddable":true,"href":"https:\/\/iswi.org\/en\/wp-json\/wp\/v2\/comments?post=26"}],"version-history":[{"count":0,"href":"https:\/\/iswi.org\/en\/wp-json\/wp\/v2\/pages\/26\/revisions"}],"up":[{"embeddable":true,"href":"https:\/\/iswi.org\/en\/wp-json\/wp\/v2\/pages\/8"}],"wp:attachment":[{"href":"https:\/\/iswi.org\/en\/wp-json\/wp\/v2\/media?parent=26"}],"curies":[{"name":"wp","href":"https:\/\/api.w.org\/{rel}","templated":true}]}}