{"id":3461,"date":"2018-07-20T21:39:10","date_gmt":"2018-07-20T19:39:10","guid":{"rendered":"http:\/\/iswi.org\/?page_id=3461"},"modified":"2026-04-07T17:36:33","modified_gmt":"2026-04-07T15:36:33","slug":"mach-mit","status":"publish","type":"page","link":"https:\/\/iswi.org\/en\/mach-mit\/","title":{"rendered":"Join us!"},"content":{"rendered":"<div data-elementor-type=\"wp-page\" data-elementor-id=\"3461\" class=\"elementor elementor-3461\">\n\t\t\t\t\t\t<section class=\"elementor-section elementor-top-section elementor-element elementor-element-da8c430 elementor-section-boxed elementor-section-height-default elementor-section-height-default\" data-id=\"da8c430\" data-element_type=\"section\">\n\t\t\t\t\t\t<div class=\"elementor-container elementor-column-gap-default\">\n\t\t\t\t\t<div class=\"elementor-column elementor-col-100 elementor-top-column elementor-element elementor-element-babf68d\" data-id=\"babf68d\" data-element_type=\"column\">\n\t\t\t<div class=\"elementor-widget-wrap elementor-element-populated\">\n\t\t\t\t\t\t<div class=\"elementor-element elementor-element-fae44b3 elementor-widget elementor-widget-text-editor\" data-id=\"fae44b3\" data-element_type=\"widget\" data-widget_type=\"text-editor.default\">\n\t\t\t\t<div class=\"elementor-widget-container\">\n\t\t\t\t\t\t\t\t\t<p>Would you like to learn more about ISWI e.V. and its activities? Would you like to be part of the second-largest international student conference in all of Europe? There are several ways you can get involved. Whether as a volunteer or a member, we can use all the help we can get.<\/p>\t\t\t\t\t\t\t\t<\/div>\n\t\t\t\t<\/div>\n\t\t\t\t\t<\/div>\n\t\t<\/div>\n\t\t\t\t\t<\/div>\n\t\t<\/section>\n\t\t\t\t<section class=\"elementor-section elementor-top-section elementor-element elementor-element-bffc875 elementor-section-boxed elementor-section-height-default elementor-section-height-default\" data-id=\"bffc875\" data-element_type=\"section\">\n\t\t\t\t\t\t<div class=\"elementor-container elementor-column-gap-default\">\n\t\t\t\t\t<div class=\"elementor-column elementor-col-50 elementor-top-column elementor-element elementor-element-b0b4b37\" data-id=\"b0b4b37\" data-element_type=\"column\">\n\t\t\t<div class=\"elementor-widget-wrap elementor-element-populated\">\n\t\t\t\t\t\t<div class=\"elementor-element elementor-element-afbe5d1 elementor-widget elementor-widget-fancy-elementor-flipbox\" data-id=\"afbe5d1\" data-element_type=\"widget\" data-widget_type=\"fancy-elementor-flipbox.default\">\n\t\t\t\t<div class=\"elementor-widget-container\">\n\t\t\t\t\t<!-- Start Of Flipbox --><div id=\"flip-demo-0\" class=\"tp-flipbox flip-box-style tp-flipbox--horizontal\"><div class=\"tp-flipbox__holder\"><div class=\"tp-flipbox__front\"><div class=\"tp-flipbox__content\"><div class=\"tp-flipbox__icon-front\"><\/div><h3 class=\"tp-flipbox__title-front\">Volunteer<\/h3><p class=\"tp-flipbox__desc-back\">Join us at our events. That\u2019s the only way we can successfully bring our ideas and goals to life. To do that, you should be in Ilmenau.<\/p><\/div><\/div><div class=\"tp-flipbox__back\" ><div class=\"tp-flipbox__content\"><div class=\"tp-flipbox__icon-back\">                <\/div><h3 class=\"tp-flipbox__title-back\">How do I become a volunteer?<\/h3><p class=\"tp-flipbox__desc-back\">Join our volunteers' WhatsApp group and wait for the call for volunteers for our next event.<\/p><div class=\"tp-flipbox__action\"><a   href=\"https:\/\/chat.whatsapp.com\/D85fCN4bTWk48ocyv8Wn7W\" class=\"tp-flipbox__btn\">Tritt der WhatsApp-Gruppe bei!<\/a><\/div><\/div><\/div><\/div><\/div><!-- End Of Flipbox -->\t\t\t\t<\/div>\n\t\t\t\t<\/div>\n\t\t\t\t\t<\/div>\n\t\t<\/div>\n\t\t\t\t<div class=\"elementor-column elementor-col-50 elementor-top-column elementor-element elementor-element-b01065e\" data-id=\"b01065e\" data-element_type=\"column\">\n\t\t\t<div class=\"elementor-widget-wrap elementor-element-populated\">\n\t\t\t\t\t\t<div class=\"elementor-element elementor-element-240cc2c elementor-widget elementor-widget-fancy-elementor-flipbox\" data-id=\"240cc2c\" data-element_type=\"widget\" data-widget_type=\"fancy-elementor-flipbox.default\">\n\t\t\t\t<div class=\"elementor-widget-container\">\n\t\t\t\t\t<!-- Start Of Flipbox --><div id=\"flip-demo-0\" class=\"tp-flipbox flip-box-style tp-flipbox--horizontal\"><div class=\"tp-flipbox__holder\"><div class=\"tp-flipbox__front\"><div class=\"tp-flipbox__content\"><div class=\"tp-flipbox__icon-front\"><\/div><h3 class=\"tp-flipbox__title-front\">Member<\/h3><span class=\"tp-flipbox__desc-back\">Help us with the organization and bring your own project ideas to life.<\/span><\/div><\/div><div class=\"tp-flipbox__back\" ><div class=\"tp-flipbox__content\"><div class=\"tp-flipbox__icon-back\">                <\/div><h3 class=\"tp-flipbox__title-back\">How do I become a member?<\/h3><span class=\"tp-flipbox__desc-back\">Just stop by our ISWI office (basement of Building A) to get to know the club better. You can also email us at info@iswi.org or send us a message on Instagram.<\/span><div class=\"tp-flipbox__action\"><a   href=\"mailto:info@iswi.org\" class=\"tp-flipbox__btn\">Send us an email!<\/a><\/div><\/div><\/div><\/div><\/div><!-- End Of Flipbox -->\t\t\t\t<\/div>\n\t\t\t\t<\/div>\n\t\t\t\t\t<\/div>\n\t\t<\/div>\n\t\t\t\t\t<\/div>\n\t\t<\/section>\n\t\t\t\t<section class=\"elementor-section elementor-top-section elementor-element elementor-element-d527a75 elementor-section-boxed elementor-section-height-default elementor-section-height-default\" data-id=\"d527a75\" data-element_type=\"section\">\n\t\t\t\t\t\t<div class=\"elementor-container elementor-column-gap-default\">\n\t\t\t\t\t<div class=\"elementor-column elementor-col-100 elementor-top-column elementor-element elementor-element-11bc443\" data-id=\"11bc443\" data-element_type=\"column\">\n\t\t\t<div class=\"elementor-widget-wrap elementor-element-populated\">\n\t\t\t\t\t\t<div class=\"elementor-element elementor-element-e1f2bb9 elementor-widget elementor-widget-heading\" data-id=\"e1f2bb9\" data-element_type=\"widget\" data-widget_type=\"heading.default\">\n\t\t\t\t<div class=\"elementor-widget-container\">\n\t\t\t\t\t<h3 class=\"elementor-heading-title elementor-size-default\">Where can I get involved as a member?<\/h3>\t\t\t\t<\/div>\n\t\t\t\t<\/div>\n\t\t\t\t<div class=\"elementor-element elementor-element-a069deb elementor-widget elementor-widget-text-editor\" data-id=\"a069deb\" data-element_type=\"widget\" data-widget_type=\"text-editor.default\">\n\t\t\t\t<div class=\"elementor-widget-container\">\n\t\t\t\t\t\t\t\t\t<p>To get involved as a member, you must be physically present in Ilmenau.<\/p>\t\t\t\t\t\t\t\t<\/div>\n\t\t\t\t<\/div>\n\t\t\t\t<div class=\"elementor-element elementor-element-a40dc0f elementor-invisible elementor-widget elementor-widget-accordion\" data-id=\"a40dc0f\" data-element_type=\"widget\" data-settings=\"{&quot;_animation&quot;:&quot;fadeInRight&quot;}\" data-widget_type=\"accordion.default\">\n\t\t\t\t<div class=\"elementor-widget-container\">\n\t\t\t\t\t\t\t<div class=\"elementor-accordion\">\n\t\t\t\t\t\t\t<div class=\"elementor-accordion-item\">\n\t\t\t\t\t<div id=\"elementor-tab-title-1721\" class=\"elementor-tab-title\" data-tab=\"1\" role=\"button\" aria-controls=\"elementor-tab-content-1721\" aria-expanded=\"false\">\n\t\t\t\t\t\t\t\t\t\t\t\t\t<span class=\"elementor-accordion-icon elementor-accordion-icon-left\" aria-hidden=\"true\">\n\t\t\t\t\t\t\t\t\t\t\t\t\t\t\t<span class=\"elementor-accordion-icon-closed\"><i class=\"fas fa-plus\"><\/i><\/span>\n\t\t\t\t\t\t\t\t<span class=\"elementor-accordion-icon-opened\"><i class=\"fas fa-minus\"><\/i><\/span>\n\t\t\t\t\t\t\t\t\t\t\t\t\t\t<\/span>\n\t\t\t\t\t\t\t\t\t\t\t\t<a class=\"elementor-accordion-title\" tabindex=\"0\">ISWI<\/a>\n\t\t\t\t\t<\/div>\n\t\t\t\t\t<div id=\"elementor-tab-content-1721\" class=\"elementor-tab-content elementor-clearfix\" data-tab=\"1\" role=\"region\" aria-labelledby=\"elementor-tab-title-1721\"><p><a href=\"https:\/\/iswi.org\/wp-content\/uploads\/nISWIIcon.round_.svg\"><img decoding=\"async\" class=\"size-full wp-image-9369 aligncenter\" src=\"https:\/\/iswi.org\/wp-content\/uploads\/nISWIIcon.round_.svg\" alt=\"\" \/><\/a><\/p><p>\"ISWI is the largest student conference in Germany, attracting 350-400 students from around the world to engage in discussions on the chosen theme. Simultaneously, it stands as a cultural highlight in Ilmenau.\"<\/p><p>\"In this context, there are numerous areas of responsibility and opportunities part of the week:\"<br \/>- Content Program<br \/>- Cultural Programs<br \/>- Finance<br \/>- People<br \/>-  Press &amp; Public Relations<br \/>\u2013 Design<br \/>&#8211; IT<br \/>- Catering<br \/>- Material &amp; Infrastructure<br \/>- Logistics<\/p><p>\"If you'd like to learn more about this,\" <a href=\"https:\/\/iswi.org\/en\/internationale-studierenden-woche-in-ilmenau\/\" target=\"_blank\" rel=\"noopener noreferrer\">\"then please click here.\"<\/a><\/p><\/div>\n\t\t\t\t<\/div>\n\t\t\t\t\t\t\t<div class=\"elementor-accordion-item\">\n\t\t\t\t\t<div id=\"elementor-tab-title-1722\" class=\"elementor-tab-title\" data-tab=\"2\" role=\"button\" aria-controls=\"elementor-tab-content-1722\" aria-expanded=\"false\">\n\t\t\t\t\t\t\t\t\t\t\t\t\t<span class=\"elementor-accordion-icon elementor-accordion-icon-left\" aria-hidden=\"true\">\n\t\t\t\t\t\t\t\t\t\t\t\t\t\t\t<span class=\"elementor-accordion-icon-closed\"><i class=\"fas fa-plus\"><\/i><\/span>\n\t\t\t\t\t\t\t\t<span class=\"elementor-accordion-icon-opened\"><i class=\"fas fa-minus\"><\/i><\/span>\n\t\t\t\t\t\t\t\t\t\t\t\t\t\t<\/span>\n\t\t\t\t\t\t\t\t\t\t\t\t<a class=\"elementor-accordion-title\" tabindex=\"0\">\"Your ideas\"<\/a>\n\t\t\t\t\t<\/div>\n\t\t\t\t\t<div id=\"elementor-tab-content-1722\" class=\"elementor-tab-content elementor-clearfix\" data-tab=\"2\" role=\"region\" aria-labelledby=\"elementor-tab-title-1722\"><p><a href=\"https:\/\/iswi.org\/wp-content\/uploads\/YourIdeaIcon.round_.svg\"><img decoding=\"async\" class=\"size-full wp-image-9361 aligncenter\" src=\"https:\/\/iswi.org\/wp-content\/uploads\/YourIdeaIcon.round_.svg\" alt=\"\" \/><\/a><\/p><p>\"If you have ideas for your own project,\" <a href=\"https:\/\/iswi.org\/en\/projekte\/\" target=\"_blank\" rel=\"noopener noreferrer\">\"then why not present it to us?\"<\/a>\"Perhaps we can assist you in bringing your project to life.\"<\/p><\/div>\n\t\t\t\t<\/div>\n\t\t\t\t\t\t\t<div class=\"elementor-accordion-item\">\n\t\t\t\t\t<div id=\"elementor-tab-title-1723\" class=\"elementor-tab-title\" data-tab=\"3\" role=\"button\" aria-controls=\"elementor-tab-content-1723\" aria-expanded=\"false\">\n\t\t\t\t\t\t\t\t\t\t\t\t\t<span class=\"elementor-accordion-icon elementor-accordion-icon-left\" aria-hidden=\"true\">\n\t\t\t\t\t\t\t\t\t\t\t\t\t\t\t<span class=\"elementor-accordion-icon-closed\"><i class=\"fas fa-plus\"><\/i><\/span>\n\t\t\t\t\t\t\t\t<span class=\"elementor-accordion-icon-opened\"><i class=\"fas fa-minus\"><\/i><\/span>\n\t\t\t\t\t\t\t\t\t\t\t\t\t\t<\/span>\n\t\t\t\t\t\t\t\t\t\t\t\t<a class=\"elementor-accordion-title\" tabindex=\"0\">Our Projects<\/a>\n\t\t\t\t\t<\/div>\n\t\t\t\t\t<div id=\"elementor-tab-content-1723\" class=\"elementor-tab-content elementor-clearfix\" data-tab=\"3\" role=\"region\" aria-labelledby=\"elementor-tab-title-1723\"><p><a href=\"https:\/\/iswi.org\/wp-content\/uploads\/ProjectsIcon.round_.svg\"><img decoding=\"async\" class=\"size-full wp-image-9365 aligncenter\" src=\"https:\/\/iswi.org\/wp-content\/uploads\/ProjectsIcon.round_.svg\" alt=\"\" \/><\/a><\/p><p>\"Of course, we also have\" <a href=\"https:\/\/iswi.org\/en\/projekte\/\" target=\"_blank\" rel=\"noopener noreferrer\">\"our own projects\"<\/a>. You're in the right place if you're having fun:<\/p><p>-  Travelling or<br \/>- Discussing or<br \/>\u2013 well-travelled people or<br \/>- New experiences or<br \/>&#8211; &#8230;<\/p><p>Do you want to join? <a href=\"https:\/\/iswi.org\/en\/kontakt\/\" target=\"_blank\" rel=\"noopener noreferrer\">Then click here.<\/a><\/p><\/div>\n\t\t\t\t<\/div>\n\t\t\t\t\t\t\t<div class=\"elementor-accordion-item\">\n\t\t\t\t\t<div id=\"elementor-tab-title-1724\" class=\"elementor-tab-title\" data-tab=\"4\" role=\"button\" aria-controls=\"elementor-tab-content-1724\" aria-expanded=\"false\">\n\t\t\t\t\t\t\t\t\t\t\t\t\t<span class=\"elementor-accordion-icon elementor-accordion-icon-left\" aria-hidden=\"true\">\n\t\t\t\t\t\t\t\t\t\t\t\t\t\t\t<span class=\"elementor-accordion-icon-closed\"><i class=\"fas fa-plus\"><\/i><\/span>\n\t\t\t\t\t\t\t\t<span class=\"elementor-accordion-icon-opened\"><i class=\"fas fa-minus\"><\/i><\/span>\n\t\t\t\t\t\t\t\t\t\t\t\t\t\t<\/span>\n\t\t\t\t\t\t\t\t\t\t\t\t<a class=\"elementor-accordion-title\" tabindex=\"0\">Refugee Network<\/a>\n\t\t\t\t\t<\/div>\n\t\t\t\t\t<div id=\"elementor-tab-content-1724\" class=\"elementor-tab-content elementor-clearfix\" data-tab=\"4\" role=\"region\" aria-labelledby=\"elementor-tab-title-1724\"><p><a href=\"https:\/\/iswi.org\/wp-content\/uploads\/RefugeesIcon.round_.svg\"><img decoding=\"async\" class=\"size-full wp-image-9351 aligncenter\" src=\"https:\/\/iswi.org\/wp-content\/uploads\/RefugeesIcon.round_.svg\" alt=\"\" \/><\/a><\/p><p>The refugee network helps new lmenauers with administrative procedures and everyday situations. We look forward to support with:<\/p><p>\u2013 Language (translation, German courses)<br \/>\u2013 Assistance with administrative procedures and applications<br \/>\u2013 Meeting offers (brunch, summer party, games afternoon, ...)<br \/>\u2013 Sports (courses, hiking, cycling, \u2026)<br \/>\u2013 Coordination (maintaining\/expanding the structure of the network, financial applications, ...)<\/p><p>Further information is available at: <a href=\"https:\/\/refugees.iswi.org\" target=\"_blank\" rel=\"noopener noreferrer\">refugees.iswi.org<\/a><\/p><\/div>\n\t\t\t\t<\/div>\n\t\t\t\t\t\t\t<div class=\"elementor-accordion-item\">\n\t\t\t\t\t<div id=\"elementor-tab-title-1725\" class=\"elementor-tab-title\" data-tab=\"5\" role=\"button\" aria-controls=\"elementor-tab-content-1725\" aria-expanded=\"false\">\n\t\t\t\t\t\t\t\t\t\t\t\t\t<span class=\"elementor-accordion-icon elementor-accordion-icon-left\" aria-hidden=\"true\">\n\t\t\t\t\t\t\t\t\t\t\t\t\t\t\t<span class=\"elementor-accordion-icon-closed\"><i class=\"fas fa-plus\"><\/i><\/span>\n\t\t\t\t\t\t\t\t<span class=\"elementor-accordion-icon-opened\"><i class=\"fas fa-minus\"><\/i><\/span>\n\t\t\t\t\t\t\t\t\t\t\t\t\t\t<\/span>\n\t\t\t\t\t\t\t\t\t\t\t\t<a class=\"elementor-accordion-title\" tabindex=\"0\">Finances<\/a>\n\t\t\t\t\t<\/div>\n\t\t\t\t\t<div id=\"elementor-tab-content-1725\" class=\"elementor-tab-content elementor-clearfix\" data-tab=\"5\" role=\"region\" aria-labelledby=\"elementor-tab-title-1725\"><p><a href=\"https:\/\/iswi.org\/wp-content\/uploads\/FinancesIcon.round_.svg\"><img decoding=\"async\" class=\"size-full wp-image-9377 aligncenter\" src=\"https:\/\/iswi.org\/wp-content\/uploads\/FinancesIcon.round_.svg\" alt=\"\" \/><\/a><\/p><p>Funding is also needed for the conference, of course. Wishes can be fulfilled here:<\/p><p>\u2013 Create project description<br \/>\u2013 Creation of a cost plan<br \/>\u2013 Coordination of expenditure<br \/>\u2013 Acquisition of funding (financial applications)<\/p><p>Would you like to become a financial professional, fulfill wishes and make Ilmenau's biggest event possible? <a href=\"https:\/\/iswi.org\/en\/kontakt\/\" target=\"_blank\" rel=\"noopener noreferrer\">Then get in touch with us!<\/a><\/p><\/div>\n\t\t\t\t<\/div>\n\t\t\t\t\t\t\t<div class=\"elementor-accordion-item\">\n\t\t\t\t\t<div id=\"elementor-tab-title-1726\" class=\"elementor-tab-title\" data-tab=\"6\" role=\"button\" aria-controls=\"elementor-tab-content-1726\" aria-expanded=\"false\">\n\t\t\t\t\t\t\t\t\t\t\t\t\t<span class=\"elementor-accordion-icon elementor-accordion-icon-left\" aria-hidden=\"true\">\n\t\t\t\t\t\t\t\t\t\t\t\t\t\t\t<span class=\"elementor-accordion-icon-closed\"><i class=\"fas fa-plus\"><\/i><\/span>\n\t\t\t\t\t\t\t\t<span class=\"elementor-accordion-icon-opened\"><i class=\"fas fa-minus\"><\/i><\/span>\n\t\t\t\t\t\t\t\t\t\t\t\t\t\t<\/span>\n\t\t\t\t\t\t\t\t\t\t\t\t<a class=\"elementor-accordion-title\" tabindex=\"0\">IT<\/a>\n\t\t\t\t\t<\/div>\n\t\t\t\t\t<div id=\"elementor-tab-content-1726\" class=\"elementor-tab-content elementor-clearfix\" data-tab=\"6\" role=\"region\" aria-labelledby=\"elementor-tab-title-1726\"><p><a href=\"https:\/\/iswi.org\/wp-content\/uploads\/ITIcon.round_.svg\"><img decoding=\"async\" class=\"size-full wp-image-9379 aligncenter\" src=\"https:\/\/iswi.org\/wp-content\/uploads\/ITIcon.round_.svg\" alt=\"\" \/><\/a><\/p><p>Of course, with so many projects, we also need an IT infrastructure to help us. There are very exciting fields and the possibility of simplifying project organization:<\/p><p>\u2013 Homepage (wordpress)<br \/>\u2013 Infrastructure (wiki, cakePHP, ownCloud, ISWI office PCs, ...)<br \/>\u2013 Programming of our event management system<\/p><p><a href=\"https:\/\/iswi.org\/en\/kontakt\/\" target=\"_blank\" rel=\"noopener noreferrer\">You are welcome to contact us<\/a> and get a taste of the IT sector.<\/p><\/div>\n\t\t\t\t<\/div>\n\t\t\t\t\t\t\t<div class=\"elementor-accordion-item\">\n\t\t\t\t\t<div id=\"elementor-tab-title-1727\" class=\"elementor-tab-title\" data-tab=\"7\" role=\"button\" aria-controls=\"elementor-tab-content-1727\" aria-expanded=\"false\">\n\t\t\t\t\t\t\t\t\t\t\t\t\t<span class=\"elementor-accordion-icon elementor-accordion-icon-left\" aria-hidden=\"true\">\n\t\t\t\t\t\t\t\t\t\t\t\t\t\t\t<span class=\"elementor-accordion-icon-closed\"><i class=\"fas fa-plus\"><\/i><\/span>\n\t\t\t\t\t\t\t\t<span class=\"elementor-accordion-icon-opened\"><i class=\"fas fa-minus\"><\/i><\/span>\n\t\t\t\t\t\t\t\t\t\t\t\t\t\t<\/span>\n\t\t\t\t\t\t\t\t\t\t\t\t<a class=\"elementor-accordion-title\" tabindex=\"0\">Press &amp; Public Relations<\/a>\n\t\t\t\t\t<\/div>\n\t\t\t\t\t<div id=\"elementor-tab-content-1727\" class=\"elementor-tab-content elementor-clearfix\" data-tab=\"7\" role=\"region\" aria-labelledby=\"elementor-tab-title-1727\"><p><a href=\"https:\/\/iswi.org\/wp-content\/uploads\/PressIcon.round_.svg\"><img decoding=\"async\" class=\"size-full wp-image-9381 aligncenter\" src=\"https:\/\/iswi.org\/wp-content\/uploads\/PressIcon.round_.svg\" alt=\"\" \/><\/a><\/p><p>Contact with the press and the outside world is also important for our club. For example, you can:<\/p><p>\u2013 Learn to write press articles<br \/>\u2013 Gain experience with social media channels<br \/>\u2013 Become a spokesperson for the next International Student Week<\/p><p>Interested? <a href=\"https:\/\/iswi.org\/en\/kontakt\/\" target=\"_blank\" rel=\"noopener noreferrer\">Then come to us.<\/a><\/p><\/div>\n\t\t\t\t<\/div>\n\t\t\t\t\t\t\t\t<\/div>\n\t\t\t\t\t\t<\/div>\n\t\t\t\t<\/div>\n\t\t\t\t\t<\/div>\n\t\t<\/div>\n\t\t\t\t\t<\/div>\n\t\t<\/section>\n\t\t\t\t<section class=\"elementor-section elementor-top-section elementor-element elementor-element-ef68b09 elementor-section-boxed elementor-section-height-default elementor-section-height-default\" data-id=\"ef68b09\" data-element_type=\"section\">\n\t\t\t\t\t\t<div class=\"elementor-container elementor-column-gap-default\">\n\t\t\t\t\t<div class=\"elementor-column elementor-col-50 elementor-top-column elementor-element elementor-element-4c2abdb\" data-id=\"4c2abdb\" data-element_type=\"column\">\n\t\t\t<div class=\"elementor-widget-wrap\">\n\t\t\t\t\t\t\t<\/div>\n\t\t<\/div>\n\t\t\t\t<div class=\"elementor-column elementor-col-50 elementor-top-column elementor-element elementor-element-3f2b949\" data-id=\"3f2b949\" data-element_type=\"column\">\n\t\t\t<div class=\"elementor-widget-wrap\">\n\t\t\t\t\t\t\t<\/div>\n\t\t<\/div>\n\t\t\t\t\t<\/div>\n\t\t<\/section>\n\t\t\t\t<\/div>","protected":false},"excerpt":{"rendered":"<p>Willst du den ISWI e.V. und seine T\u00e4tigkeiten n\u00e4her kennenlernen? Du m\u00f6chtest Teil der zweitgr\u00f6\u00dften internationalen Studierendenkonferenz in ganz Europa sein? Es gibt mehrere M\u00f6glichkeiten wie du dich einbringen kannst. [&hellip;]<\/p>","protected":false},"author":53,"featured_media":3463,"parent":0,"menu_order":0,"comment_status":"closed","ping_status":"closed","template":"","meta":{"footnotes":""},"class_list":["post-3461","page","type-page","status-publish","has-post-thumbnail","hentry"],"blocksy_meta":[],"_links":{"self":[{"href":"https:\/\/iswi.org\/en\/wp-json\/wp\/v2\/pages\/3461","targetHints":{"allow":["GET"]}}],"collection":[{"href":"https:\/\/iswi.org\/en\/wp-json\/wp\/v2\/pages"}],"about":[{"href":"https:\/\/iswi.org\/en\/wp-json\/wp\/v2\/types\/page"}],"author":[{"embeddable":true,"href":"https:\/\/iswi.org\/en\/wp-json\/wp\/v2\/users\/53"}],"replies":[{"embeddable":true,"href":"https:\/\/iswi.org\/en\/wp-json\/wp\/v2\/comments?post=3461"}],"version-history":[{"count":14,"href":"https:\/\/iswi.org\/en\/wp-json\/wp\/v2\/pages\/3461\/revisions"}],"predecessor-version":[{"id":12079,"href":"https:\/\/iswi.org\/en\/wp-json\/wp\/v2\/pages\/3461\/revisions\/12079"}],"wp:featuredmedia":[{"embeddable":true,"href":"https:\/\/iswi.org\/en\/wp-json\/wp\/v2\/media\/3463"}],"wp:attachment":[{"href":"https:\/\/iswi.org\/en\/wp-json\/wp\/v2\/media?parent=3461"}],"curies":[{"name":"wp","href":"https:\/\/api.w.org\/{rel}","templated":true}]}}