{"id":418,"date":"2014-05-19T21:20:32","date_gmt":"2014-05-19T21:20:32","guid":{"rendered":"http:\/\/iswi.org\/?page_id=418"},"modified":"2018-05-26T01:25:37","modified_gmt":"2018-05-25T23:25:37","slug":"internationale-politik-diskussionsrunde","status":"publish","type":"page","link":"https:\/\/iswi.org\/en\/projekte\/internationale-politik-diskussionsrunde\/","title":{"rendered":"Internationale Diskussionsrunde"},"content":{"rendered":"<p style=\"text-align: justify;\">Die &#8218;Internationale Diskussionsrunde&#8216; bietet euch die M\u00f6glichkeit in entspannter Atmosph\u00e4re \u00fcber Politik und Gesellschaft zu diskutieren.<br \/>\nEigeladen ist jeder, der gerne mit Menschen aus aller Welt \u00fcber Themen aus aller Welt diskutieren m\u00f6chte.<\/p>\n<p style=\"text-align: justify;\">Der Abend beginnt mit einer kleinen Vorstellungsrunde, nach der wir entweder ein aus verschiedenen Vorschl\u00e4gen ausgew\u00e4hltes Thema bei Tee und Keksen zu diskutieren beginnen. Oder wir erschlie\u00dfen uns zuerst ein vorab bestimmtes Thema \u00a0mit einem Vortrag, einer Pr\u00e4sentation oder auch einer Videokonferenz direkt vom Ort des Geschehens.<\/p>\n<p style=\"text-align: justify;\">Die internationale Diskussionsrunde bietet euch die M\u00f6glichkeit aus einer neuen Perspektive Ereignisse zu betrachten und somit euren eigenen Standpunkt zu reflektieren. Denn in anderen Kulturen und Gesellschaftsformen ist der Blickwinkel manchmal sehr verschieden von dem Eigenen.<\/p>\n<p style=\"text-align: justify;\">Zudem habt ihr w\u00e4hrend des Abends die Chance, euer Englisch anzuwenden, damit auch Studierende, die kein Deutsch sprechen, sich an den Themen beteiligen k\u00f6nnen. F\u00fcr fehlende Vokabeln haben wir bis jetzt immer eine Umschreibung gefunden.<\/p>\n<p style=\"text-align: justify;\">Euch liegt selber ein Thema am Herzen, das ihr gerne besprechen m\u00f6chtet?<br \/>\nWir freuen uns, eure Ideen, Themenvorschl\u00e4ge und Kritik zu h\u00f6ren, bitte sendet uns eine <a href=\"https:\/\/iswi.org\/en\/kontakt\/\">E-Mail<\/a> oder kommt einfach zur n\u00e4chsten Diskussionsrunde vorbei.<\/p>\n<p style=\"text-align: justify;\">Im zweiw\u00f6chigen Rhythmus treffen wir uns auf den Sofas im Interclub. F\u00fcr den genauen Termin seht bitte hier oder auf unserer Facebookseite <a href=\"https:\/\/www.facebook.com\/ISWIeV\">www.facebook.com\/ISWIeV<\/a> nach.<\/p>\n<p style=\"text-align: justify;\">Nach den ernsthaften Diskussionen ist immer Zeit f\u00fcr freies Quatschen.<\/p>\n<p style=\"text-align: justify;\">Eure ModeratorInnen<\/p>","protected":false},"excerpt":{"rendered":"<p>Die &#8218;Internationale Diskussionsrunde&#8216; bietet euch die M\u00f6glichkeit in entspannter Atmosph\u00e4re \u00fcber Politik und Gesellschaft zu diskutieren. Eigeladen ist jeder, der gerne mit Menschen aus aller Welt \u00fcber Themen aus aller [&hellip;]<\/p>","protected":false},"author":47,"featured_media":438,"parent":62,"menu_order":0,"comment_status":"closed","ping_status":"closed","template":"","meta":{"footnotes":""},"class_list":["post-418","page","type-page","status-publish","has-post-thumbnail","hentry"],"blocksy_meta":[],"_links":{"self":[{"href":"https:\/\/iswi.org\/en\/wp-json\/wp\/v2\/pages\/418","targetHints":{"allow":["GET"]}}],"collection":[{"href":"https:\/\/iswi.org\/en\/wp-json\/wp\/v2\/pages"}],"about":[{"href":"https:\/\/iswi.org\/en\/wp-json\/wp\/v2\/types\/page"}],"author":[{"embeddable":true,"href":"https:\/\/iswi.org\/en\/wp-json\/wp\/v2\/users\/47"}],"replies":[{"embeddable":true,"href":"https:\/\/iswi.org\/en\/wp-json\/wp\/v2\/comments?post=418"}],"version-history":[{"count":0,"href":"https:\/\/iswi.org\/en\/wp-json\/wp\/v2\/pages\/418\/revisions"}],"up":[{"embeddable":true,"href":"https:\/\/iswi.org\/en\/wp-json\/wp\/v2\/pages\/62"}],"wp:featuredmedia":[{"embeddable":true,"href":"https:\/\/iswi.org\/en\/wp-json\/wp\/v2\/media\/438"}],"wp:attachment":[{"href":"https:\/\/iswi.org\/en\/wp-json\/wp\/v2\/media?parent=418"}],"curies":[{"name":"wp","href":"https:\/\/api.w.org\/{rel}","templated":true}]}}