{"id":4437,"date":"2020-03-20T09:01:25","date_gmt":"2020-03-20T08:01:25","guid":{"rendered":"http:\/\/iswi.org\/?page_id=4437"},"modified":"2020-03-25T19:13:58","modified_gmt":"2020-03-25T18:13:58","slug":"faq","status":"publish","type":"page","link":"https:\/\/iswi.org\/en\/corona-virus\/faq\/","title":{"rendered":"Wie kann ich auf diese Seite hinweisen (mehrsprachig)? | How can I link to this page (multilingually)?"},"content":{"rendered":"<p><div><b>Informationen zum Corona-Virus in Th\u00fcringen (leichte Sprache)&nbsp;&nbsp;&nbsp;<\/b><\/div>\n<div>Wir versuchen die Informationen zum Corona-Virus regelm\u00e4\u00dfig zu aktualisieren.<\/div>\n<div>Aktuelle Informationen findet ihr hier:<\/div>\n<div><a href=\"https:\/\/iswi.org\/en\/corona-virus\/\" rel=\"noreferrer noopener\">https:\/\/iswi.org\/corona-virus\/<\/a><\/div><\/p>\n\n\n<div><\/div>\n\n\n<p><div><b>Information on Corona-Virus in Thuringia&nbsp;&nbsp;&nbsp;&nbsp;&nbsp;&nbsp;&nbsp;&nbsp;&nbsp;&nbsp;&nbsp;&nbsp;&nbsp;&nbsp;&nbsp;&nbsp;&nbsp;<\/b><\/div>\n<div>Please inform yourself regularly on the current events. We send our information also via whatsapp and publish them at Facebook. Current news can be found here:<\/div>\n<div><a href=\"https:\/\/iswi.org\/en\/corona-virus\/\" rel=\"noreferrer noopener\">https:\/\/iswi.org\/corona-virus\/<\/a><\/div>\n<div><\/div><\/p>\n\n\n<div><b>Informacione rreth virusit Corona n\u00eb Thuringia<\/b><\/div>\n<div>Ju lutemi informoni rregullisht p\u00ebr ngjarjet aktuale. Ne gjithashtu i d\u00ebrgojm\u00eb informacionet tona p\u00ebrmes Whatsapp dhe I postojm\u00eb n\u00eb Facebook.<\/div>\n<div>Informacioni aktual (psh. Mbi kufizimet e autoriteteve dhe rregulloreve t\u00eb reja) mund t\u00eb gjenden k\u00ebtu:<\/div>\n<div><a href=\"https:\/\/iswi.org\/en\/corona-virus\/\" rel=\"noreferrer noopener\">https:\/\/iswi.org\/corona-virus\/<\/a><\/div>\n<p><!-- \/wp:post-content --><\/p>\n<div><\/div>\n<p><!-- wp:paragraph --><\/p>\n<div dir=\"rtl\"><b>\u0645\u0639\u0644\u0648\u0645\u0627\u062a \u062d\u0648\u0644 \u06a4\u0627\u064a\u0631\u0648\u0633 \u0643\u0648\u0631\u0648\u0646\u0627 \u0641\u064a \u0648\u0644\u0627\u064a\u0629 \u062a\u0648\u0631\u064a\u0646\u063a\u0646&nbsp;&nbsp;&nbsp;&nbsp;&nbsp;&nbsp;&nbsp;&nbsp;&nbsp;&nbsp;&nbsp;&nbsp;&nbsp;&nbsp;&nbsp;&nbsp;&nbsp;<\/b><\/div>\n<div dir=\"rtl\">\u064a\u0631\u062c\u0649 \u0627\u0644\u0627\u0633\u062a\u0639\u0644\u0627\u0645 \u0648\u0645\u062a\u0627\u0628\u0639\u0629 \u0627\u0644\u0623\u062d\u062f\u0627\u062b \u0627\u0644\u062c\u0627\u0631\u064a\u0629. \u064a\u0645\u0643\u0646\u0643\u0645 \u0645\u062a\u0627\u0628\u0639\u0629 \u0645\u0639\u0644\u0648\u0645\u0627\u062a\u0646\u0627 \u0639\u0646 \u0637\u0631\u064a\u0642 \u062a\u0637\u0628\u064a\u0642 \u0627\u0644\u0648\u0627\u062a\u0633\u2013\u0623\u0628 \u0623\u0648 \u0639\u0646 \u0637\u0631\u064a\u0642 \u0645\u0646\u0634\u0648\u0631\u0627\u062a\u0646\u0627 \u0639\u0644\u0649 \u0627\u0644\u0641\u064a\u0633 \u0628\u0648\u0643.&nbsp;<\/div>\n<div dir=\"bidi\" align=\"right\"><a href=\"https:\/\/iswi.org\/en\/corona-virus\/\" rel=\"noreferrer noopener\">https:\/\/iswi.org\/corona-virus\/<\/a><\/div>\n<p><!-- \/wp:paragraph --><\/p>\n<div><\/div>\n<p><!-- wp:paragraph --><\/p>\n<div><b>\u9488\u5bf9\u51a0\u72b6\u75c5\u6bd2(COVID-19)\u5728\u56fe\u6797\u6839\u5dde\u7684\u6700\u65b0\u6d88\u606f&nbsp;&nbsp;&nbsp;&nbsp;&nbsp;&nbsp;&nbsp;&nbsp;&nbsp;&nbsp;&nbsp;&nbsp;&nbsp;&nbsp;&nbsp;&nbsp;&nbsp;<\/b><\/div>\n<div>\u4e5f\u8bf7\u6bcf\u4e2a\u4eba\u5b9a\u671f\u7684 \u8ffd\u8e2a\u6700\u65b0\u8baf\u606f\uff0c\u6211\u4eec\u4e5f\u4f1a\u901a\u8fc7whatsapp\u53d1\u9001\u4fe1\u606f\uff0c\u5e76\u5c06\u5176\u6700\u65b0\u6d88\u606f\u53d1\u5e03\u5728Facebook\u4e0a\u3002<\/div>\n<div>\u6700\u65b0\u7684\u62a5\u5bfc\u53ef\u4ee5\u5728\u8fd9\u91cc\u627e\u5230\uff1a<\/div>\n<div><a href=\"https:\/\/iswi.org\/en\/corona-virus\/\" rel=\"noreferrer noopener\">https:\/\/iswi.org\/corona-virus\/<\/a><\/div>\n<p><!-- \/wp:paragraph --><\/p>\n<div><\/div>\n<p><!-- wp:paragraph --><\/p>\n<div dir=\"rtl\"><b>\u0627\u0637\u0644\u0627\u0639 \u062f\u0631 \u0645\u0648\u0631\u062f \u0648\u06cc\u0631\u0648\u0633 \u06a9\u0648\u0648\u0631\u0648\u0646\u0627 \u062f\u0631 \u0627\u0633\u062a\u0627\u0646 \u062a\u0648\u0631\u06cc\u0646\u06af\u0646&nbsp;&nbsp;&nbsp;&nbsp;&nbsp;&nbsp;&nbsp;&nbsp;&nbsp;&nbsp;&nbsp;&nbsp;&nbsp;&nbsp;&nbsp;&nbsp;&nbsp;<\/b><\/div>\n<div dir=\"rtl\">\u0644\u0637\u0641\u0627 \u0628\u0647 \u0637\u0648\u0631 \u0645\u0631\u0627\u062a\u0628 \u0631\u0648\u0646\u062f \u0648\u0642\u0627\u06cc\u0639 \u0631\u0627\u0627 \u062f\u0646\u0628\u0627\u0644 \u06a9\u0646\u06cc\u062f. \u0634\u0645\u0627 \u0647\u0645\u06cc\u0646\u0637\u0648\u0631 \u0645\u062a\u0648\u0646\u06cc\u062f \u0627\u062e\u0628\u0627\u0631 \u0631\u0627 \u0627\u0632 \u0637\u0631\u06cc\u0642\u0647 \u0648\u0647\u062a\u0633\u067e\u067e \u0648 \u0641\u06cc\u0633\u0628\u0648\u06a9 \u0645\u0627 \u062f\u0646\u0628\u0627\u0644 \u06a9\u0646\u06cc\u062f.&nbsp;<\/div>\n<div dir=\"rtl\">\u062c\u062f\u06cc\u062f\u062a\u0631\u06cc\u0646 \u0627\u0637\u0644\u0627\u0639\u0627\u062a \u0631\u0627 \u062f\u0631 \u0627\u06cc\u0646 \u062e\u0635\u0648\u0635 \u0645\u06cc\u062a\u0648\u0627\u0646\u06cc\u062f \u062f\u0631 \u0633\u0627\u06cc\u062a \u0632\u06cc\u0631 \u0628\u06cc\u0627\u0628\u06cc\u062f<\/div>\n<div dir=\"bidi\" align=\"right\"><a href=\"https:\/\/iswi.org\/en\/corona-virus\/\" rel=\"noreferrer noopener\">https:\/\/iswi.org\/corona-virus\/<\/a><\/div>\n<p><!-- \/wp:paragraph --><\/p>\n<div><\/div>\n<p><!-- wp:paragraph --><\/p>\n<div><b>Informasi tentang Virus Korona di Thuringia<\/b><\/div>\n<div>Tolong inforkan diri kalian secara berkala dalam keadaan seperti ini. Kami mengirimkan informasi kami juga melalui whatsapp dan mengumumkan di Facebook.<\/div>\n<div>Berita terkini dapat ditemukan disini:<\/div>\n<div><a href=\"https:\/\/iswi.org\/en\/corona-virus\/\" rel=\"noreferrer noopener\">https:\/\/iswi.org\/corona-virus\/<\/a><\/div>\n<p><!-- \/wp:paragraph --><\/p>\n<div><\/div>\n<p><!-- wp:paragraph --><\/p>\n<div><b>\u0418\u043d\u0444\u043e\u0440\u043c\u0430\u0446\u0438\u0438 \u0437\u0430 \u041a\u043e\u0440\u043e\u043d\u0430 \u0432\u0438\u0440\u0443\u0441\u043e\u0442 \u0432\u043e \u0422\u0443\u0440\u0438\u043d\u0433\u0435\u043d&nbsp;&nbsp;&nbsp;&nbsp;&nbsp;&nbsp;&nbsp;&nbsp;&nbsp;&nbsp;&nbsp;&nbsp;&nbsp;&nbsp;&nbsp;&nbsp;&nbsp;<\/b><\/div>\n<div>\u0412\u0435 \u0437\u0430\u043c\u043e\u043b\u0443\u0432\u0430\u043c\u0435 \u0440\u0435\u0434\u043e\u0432\u043d\u043e \u0434\u0430 \u0441\u0435 \u0438\u043d\u0444\u043e\u0440\u043c\u0438\u0440\u0430\u0442\u0435 \u0432\u043e \u0432\u0440\u0441\u043a\u0430 \u0441\u043e \u0430\u043a\u0442\u0443\u0435\u043b\u043d\u0438\u0442\u0435 \u0441\u043b\u0443\u0447\u0443\u0432\u0430\u045a\u0430. \u041d\u0430\u0448\u0438\u0442\u0435 \u0438\u043d\u0444\u043e\u0440\u043c\u0430\u0446\u0438\u0438 \u045c\u0435 \u0431\u0438\u0434\u0430\u0442 \u0438\u0441\u043f\u0440\u0430\u0442\u0435\u043d\u0438 \u043d\u0430 Whatsapp \u0438 \u043e\u0431\u0458\u0430\u0432\u0435\u043d\u0438 \u043d\u0430 Facebook.<\/div>\n<div>\u041d\u0430\u0458\u043d\u043e\u0432\u0438\u0442\u0435 \u0438\u043d\u0444\u043e\u0440\u043c\u0430\u0446\u0438\u0438 (\u0437\u0430 \u043c\u0435\u0440\u043a\u0438\u0442\u0435 \u043d\u0430 \u0430\u0434\u043c\u0438\u043d\u0438\u0441\u0442\u0440\u0430\u0446\u0438\u0458\u0430\u0442\u0430 \u0438 \u043d\u043e\u0432\u0438\u0442\u0435 \u0443\u043f\u0430\u0442\u0441\u0442\u0432\u0430) \u043c\u043e\u0436\u0435 \u0434\u0430 \u0433\u0438 \u043d\u0430\u0458\u0434\u0435\u0442\u0435 \u0442\u0443\u043a\u0430:<\/div>\n<div><a href=\"https:\/\/iswi.org\/en\/corona-virus\/\" rel=\"noreferrer noopener\">https:\/\/iswi.org\/corona-virus\/<\/a><\/div>\n<p><!-- \/wp:paragraph --><\/p>\n<div><\/div>\n<p><!-- wp:paragraph --><\/p>\n<div><b>Informacje na temat Corona Virus w Turyngii<\/b><\/div>\n<div>Prosz\u0119 si\u0119 regularnie informowa\u0107 o aktualnych zdarzeniach. Nasze informacje wysy\u0142amy r\u00f3wnie\u017c przez Whatsapp i udost\u0119pniamy na Facebooku.<\/div>\n<div>Aktualne informacje znajdziecie tutaj:<\/div>\n<div><a href=\"https:\/\/iswi.org\/en\/corona-virus\/\" rel=\"noreferrer noopener\">https:\/\/iswi.org\/corona-virus\/<\/a><\/div>\n<p><!-- \/wp:paragraph --><\/p>\n<div><\/div>\n<p><!-- wp:paragraph --><\/p>\n<div><b>Informa\u021bii despre Corona-Virus \u00een Thuringia&nbsp;&nbsp;&nbsp;&nbsp;&nbsp;&nbsp;&nbsp;&nbsp;&nbsp;&nbsp;&nbsp;&nbsp;&nbsp;&nbsp;&nbsp;&nbsp;&nbsp;<\/b><\/div>\n<div>V\u0103 rug\u0103m s\u0103 fi\u021bi informa\u021bi continuu despre evenimentele curente. Noi trimitem informa\u021bia \u0219i pe WhatsApp \u0219i distribuim \u0219i pe Facebook.<\/div>\n<div>Nout\u0103\u021bile curente se pot g\u0103si aici:<\/div>\n<div><a href=\"https:\/\/iswi.org\/en\/corona-virus\/\" rel=\"noreferrer noopener\">https:\/\/iswi.org\/corona-virus\/<\/a><\/div>\n<p><!-- \/wp:paragraph --><\/p>\n<div><\/div>\n<p><!-- wp:paragraph --><\/p>\n<div><b>\u0418\u043d\u0444\u043e\u0440\u043c\u0430\u0446\u0438\u044f \u043e \u00ab\u043a\u043e\u0440\u043e\u043d\u0430\u0432\u0438\u0440\u0443\u0441\u0435\u00bb \u0432 \u0422\u044e\u0440\u0438\u043d\u0433\u0438\u0438&nbsp;&nbsp;&nbsp;&nbsp;&nbsp;&nbsp;&nbsp;&nbsp;&nbsp;&nbsp;&nbsp;&nbsp;&nbsp;&nbsp;&nbsp;&nbsp;&nbsp;<\/b><\/div>\n<div>\u041f\u043e\u0436\u0430\u043b\u0443\u0439\u0441\u0442\u0430, \u0441\u043b\u0435\u0434\u0438\u0442\u0435 \u0437\u0430 \u0430\u043a\u0442\u0443\u0430\u043b\u044c\u043d\u043e\u0439 \u0438\u043d\u0444\u043e\u0440\u043c\u0430\u0446\u0438\u0435\u0439. \u041c\u044b \u0431\u0443\u0434\u0435\u043c \u043e\u0431\u043d\u043e\u0432\u043b\u044f\u0442\u044c \u0438\u043d\u0444\u043e\u0440\u043c\u0430\u0446\u0438\u044e \u0442\u0430\u043a\u0436\u0435 \u0438 \u0447\u0435\u0440\u0435\u0437 Whatsapp \u0438 Facebook.<\/div>\n<div>\u0410\u043a\u0442\u0443\u0430\u043b\u044c\u043d\u0443\u044e \u0438\u043d\u0444\u043e\u0440\u043c\u0430\u0446\u0438\u044e \u0432\u044b \u043d\u0430\u0439\u0434\u0435\u0442\u0435 \u0437\u0434\u0435\u0441\u044c:<\/div>\n<div><a href=\"https:\/\/iswi.org\/en\/corona-virus\/\" rel=\"noreferrer noopener\">https:\/\/iswi.org\/corona-virus\/<\/a><\/div>\n<p><!-- \/wp:paragraph --><\/p>\n<div><\/div>\n<p><!-- wp:paragraph --><\/p>\n<div><b>Informacije o Korona virusu u Tiringiji&nbsp;&nbsp;&nbsp;&nbsp;&nbsp;&nbsp;&nbsp;&nbsp;&nbsp;&nbsp;&nbsp;&nbsp;&nbsp;&nbsp;&nbsp;&nbsp;&nbsp;<\/b><\/div>\n<div>Molimo vas da se redovno informi\u0161ete o trenutnim doga\u0111ajima. Na\u0161e informacije \u0161aljemo tako\u0111e preko Vacapa (WhatsApp) i objavljujemo ih na Fejsbuku.<\/div>\n<div>Aktuelne Informacije mo\u017eete na\u0107i ovde:<\/div>\n<div><a href=\"https:\/\/iswi.org\/en\/corona-virus\/\" rel=\"noreferrer noopener\">https:\/\/iswi.org\/corona-virus\/<\/a><\/div>\n<p><!-- \/wp:paragraph --><\/p>\n<div><\/div>\n<p><!-- wp:paragraph --><\/p>\n<div><b>Informaci\u00f3n sobre el Corona Virus en Turingia<\/b><\/div>\n<div>Por favor inf\u00f3rmese de manera regular sobre los \u00faltimos acontecimientos. Tambi\u00e9n enviamos informaci\u00f3n v\u00eda Whatsapp y la publicamos en Facebook.<\/div>\n<div>Puede encontrar las \u00faltimas noticas aqu\u00ed:<\/div>\n<div><a href=\"https:\/\/iswi.org\/en\/corona-virus\/\" rel=\"noreferrer noopener\">https:\/\/iswi.org\/corona-virus\/<\/a><\/div>\n<p><!-- \/wp:paragraph --><\/p>\n<div><\/div>\n<p><!-- wp:paragraph --><\/p>\n<div><b>Th\u00fcringen\u2019deki korona vir\u00fcs\u00fc hakk\u0131nda bilgi<\/b><\/div>\n<div>L\u00fctfen g\u00fcncel olaylar hakk\u0131nda kendinizi d\u00fczenli olarak bilgilendirin. Bilgilerimizi Whatsapp \u00fczerinden g\u00f6nderiyoruz ve Facebook\u2019ta yay\u0131nl\u0131yoruz.<\/div>\n<div>G\u00fcncel bilgileri burada bulabilirsiniz:<\/div>\n<div><a href=\"https:\/\/iswi.org\/en\/corona-virus\/\" rel=\"noreferrer noopener\">https:\/\/iswi.org\/corona-virus\/<\/a><\/div>\n<p><!-- \/wp:paragraph --><\/p>","protected":false},"excerpt":{"rendered":"<p>Informationen zum Corona-Virus in Th\u00fcringen (leichte Sprache)&nbsp;&nbsp;&nbsp; Wir versuchen die Informationen zum Corona-Virus regelm\u00e4\u00dfig zu aktualisieren. Aktuelle Informationen findet ihr hier: https:\/\/iswi.org\/corona-virus\/ Information on Corona-Virus in Thuringia&nbsp;&nbsp;&nbsp;&nbsp;&nbsp;&nbsp;&nbsp;&nbsp;&nbsp;&nbsp;&nbsp;&nbsp;&nbsp;&nbsp;&nbsp;&nbsp;&nbsp; Please inform yourself [&hellip;]<\/p>","protected":false},"author":53,"featured_media":0,"parent":4175,"menu_order":1,"comment_status":"closed","ping_status":"closed","template":"","meta":{"footnotes":""},"class_list":["post-4437","page","type-page","status-publish","hentry"],"blocksy_meta":[],"_links":{"self":[{"href":"https:\/\/iswi.org\/en\/wp-json\/wp\/v2\/pages\/4437","targetHints":{"allow":["GET"]}}],"collection":[{"href":"https:\/\/iswi.org\/en\/wp-json\/wp\/v2\/pages"}],"about":[{"href":"https:\/\/iswi.org\/en\/wp-json\/wp\/v2\/types\/page"}],"author":[{"embeddable":true,"href":"https:\/\/iswi.org\/en\/wp-json\/wp\/v2\/users\/53"}],"replies":[{"embeddable":true,"href":"https:\/\/iswi.org\/en\/wp-json\/wp\/v2\/comments?post=4437"}],"version-history":[{"count":0,"href":"https:\/\/iswi.org\/en\/wp-json\/wp\/v2\/pages\/4437\/revisions"}],"up":[{"embeddable":true,"href":"https:\/\/iswi.org\/en\/wp-json\/wp\/v2\/pages\/4175"}],"wp:attachment":[{"href":"https:\/\/iswi.org\/en\/wp-json\/wp\/v2\/media?parent=4437"}],"curies":[{"name":"wp","href":"https:\/\/api.w.org\/{rel}","templated":true}]}}