{"id":470,"date":"2014-04-10T16:39:05","date_gmt":"2014-04-10T16:39:05","guid":{"rendered":"http:\/\/iswi.org\/?page_id=470"},"modified":"2018-05-26T01:27:20","modified_gmt":"2018-05-25T23:27:20","slug":"herzlich-willkommen-bei-der-iswi","status":"publish","type":"page","link":"https:\/\/iswi.org\/en\/herzlich-willkommen-bei-der-iswi\/","title":{"rendered":"Neuigkeiten"},"content":{"rendered":"<p><!-- \n\n\n<p style=\"text-align: justify;\"><a href=\"https:\/\/iswi.org\/wp-content\/uploads\/Willkommen.gif\"><img decoding=\"async\" class=\" wp-image-494 size-thumbnail alignright\" src=\"https:\/\/iswi.org\/wp-content\/uploads\/Willkommen-150x150.gif\" alt=\"Willkommen\" width=\"150\" height=\"150\" \/><\/a><strong>Herzlich willkommen auf den Seiten der Initiative Solidarische Welt Ilmenau (ISWI e.V.). Wir sind ein studentischer Verein an der Technischen Universit\u00e4t Ilmenau, der sich f\u00fcr Frieden und interkulturellen Austausch einsetzt. Auf den folgenden Seiten finden Sie mehr Informationen \u00fcber uns und unsere Projekte.<\/strong><\/p>\n\n \n\n\n\n\n<hr \/>\n\n\n\n\n\n<h2>\u00a0<strong>Neuigkeiten<\/strong><\/h2>\n\n\n\n\n\n<hr \/>\n\n\n\n&nbsp;\n--><br \/>\n[catlist name=neuigkeiten thumbnail=yes numberpost=5 excerpt=yes excerpt_strip=no]<\/p>","protected":false},"excerpt":{"rendered":"<p>[catlist name=neuigkeiten thumbnail=yes numberpost=5 excerpt=yes excerpt_strip=no]<\/p>","protected":false},"author":47,"featured_media":0,"parent":0,"menu_order":0,"comment_status":"closed","ping_status":"closed","template":"","meta":{"footnotes":""},"class_list":["post-470","page","type-page","status-publish","hentry"],"blocksy_meta":[],"_links":{"self":[{"href":"https:\/\/iswi.org\/en\/wp-json\/wp\/v2\/pages\/470","targetHints":{"allow":["GET"]}}],"collection":[{"href":"https:\/\/iswi.org\/en\/wp-json\/wp\/v2\/pages"}],"about":[{"href":"https:\/\/iswi.org\/en\/wp-json\/wp\/v2\/types\/page"}],"author":[{"embeddable":true,"href":"https:\/\/iswi.org\/en\/wp-json\/wp\/v2\/users\/47"}],"replies":[{"embeddable":true,"href":"https:\/\/iswi.org\/en\/wp-json\/wp\/v2\/comments?post=470"}],"version-history":[{"count":0,"href":"https:\/\/iswi.org\/en\/wp-json\/wp\/v2\/pages\/470\/revisions"}],"wp:attachment":[{"href":"https:\/\/iswi.org\/en\/wp-json\/wp\/v2\/media?parent=470"}],"curies":[{"name":"wp","href":"https:\/\/api.w.org\/{rel}","templated":true}]}}