{"id":54,"date":"2013-11-18T17:02:24","date_gmt":"2013-11-18T17:02:24","guid":{"rendered":"http:\/\/iswi.org\/?page_id=54"},"modified":"2014-04-24T14:57:28","modified_gmt":"2014-04-24T14:57:28","slug":"iswi-1995","status":"publish","type":"page","link":"https:\/\/iswi.org\/en\/internationale-studierenden-woche-in-ilmenau\/iswi-1995\/","title":{"rendered":"ISWI 1995"},"content":{"rendered":"<h2>&#8222;Get up and live &#8211; now!&#8220;<br \/>\n28. Mai &#8211; 5. Juni 1995<\/h2>\n<p style=\"text-align: justify\">Fast zwei Jahre Vorbereitung lagen hinter uns Organisatoren: Die Einladungen hatten Euch l\u00e4ngst erreicht, Gastgeber unter den Studenten unserer Uni und den Ilmenauern waren gefunden und die letzten Zusagen der Referenten eingetroffen. Der Traum schien ein zweites Mal Wirklichkeit zu werden. Es kribbelte &#8211; wann w\u00fcrden die ersten Teilnehmer kommen?<\/p>\n<p style=\"text-align: justify\">Am Donnerstag, drei Tage vor dem eigentlichen Beginn: Giane Regina und Geraldo aus Brasilien. \u00dcberhaupt war f\u00fcr einige von Euch schon die Anreise ein Erlebnis: Ob von Litauen fast durch ganz Deutschland &#8211; mal Ilmenau n\u00e4herkommend, mal sich wieder entfernend &#8211; getrampt, oder mangels Einreisevisum des Fahrers ab der deutschen Grenze ohne Bus weiter, nichts hinderte Euch daran, nach Ilmenau zu kommen, selbst wenn mancher von Euch vorher nicht einmal wusste, wo das liegt .<\/p>","protected":false},"excerpt":{"rendered":"<p>&#8222;Get up and live &#8211; now!&#8220; 28. Mai &#8211; 5. Juni 1995 Fast zwei Jahre Vorbereitung lagen hinter uns Organisatoren: Die Einladungen hatten Euch l\u00e4ngst erreicht, Gastgeber unter den Studenten [&hellip;]<\/p>","protected":false},"author":61,"featured_media":0,"parent":8,"menu_order":10,"comment_status":"closed","ping_status":"closed","template":"","meta":{"footnotes":""},"class_list":["post-54","page","type-page","status-publish","hentry"],"blocksy_meta":[],"_links":{"self":[{"href":"https:\/\/iswi.org\/en\/wp-json\/wp\/v2\/pages\/54","targetHints":{"allow":["GET"]}}],"collection":[{"href":"https:\/\/iswi.org\/en\/wp-json\/wp\/v2\/pages"}],"about":[{"href":"https:\/\/iswi.org\/en\/wp-json\/wp\/v2\/types\/page"}],"author":[{"embeddable":true,"href":"https:\/\/iswi.org\/en\/wp-json\/wp\/v2\/users\/61"}],"replies":[{"embeddable":true,"href":"https:\/\/iswi.org\/en\/wp-json\/wp\/v2\/comments?post=54"}],"version-history":[{"count":0,"href":"https:\/\/iswi.org\/en\/wp-json\/wp\/v2\/pages\/54\/revisions"}],"up":[{"embeddable":true,"href":"https:\/\/iswi.org\/en\/wp-json\/wp\/v2\/pages\/8"}],"wp:attachment":[{"href":"https:\/\/iswi.org\/en\/wp-json\/wp\/v2\/media?parent=54"}],"curies":[{"name":"wp","href":"https:\/\/api.w.org\/{rel}","templated":true}]}}