{"id":578,"date":"2014-04-04T12:33:14","date_gmt":"2014-04-04T12:33:14","guid":{"rendered":"http:\/\/iswi.org\/?page_id=578"},"modified":"2025-03-16T13:20:05","modified_gmt":"2025-03-16T12:20:05","slug":"wer-wir-sind","status":"publish","type":"page","link":"https:\/\/iswi.org\/en\/verein\/wer-wir-sind\/","title":{"rendered":"Who are we?"},"content":{"rendered":"<div data-elementor-type=\"wp-page\" data-elementor-id=\"578\" class=\"elementor elementor-578\">\n\t\t\t\t\t\t<section class=\"elementor-section elementor-top-section elementor-element elementor-element-27ab5289 elementor-section-boxed elementor-section-height-default elementor-section-height-default\" data-id=\"27ab5289\" data-element_type=\"section\">\n\t\t\t\t\t\t<div class=\"elementor-container elementor-column-gap-default\">\n\t\t\t\t\t<div class=\"elementor-column elementor-col-100 elementor-top-column elementor-element elementor-element-903da7a\" data-id=\"903da7a\" data-element_type=\"column\">\n\t\t\t<div class=\"elementor-widget-wrap\">\n\t\t\t\t\t\t\t<\/div>\n\t\t<\/div>\n\t\t\t\t\t<\/div>\n\t\t<\/section>\n\t\t\t\t<section class=\"elementor-section elementor-top-section elementor-element elementor-element-4518452 elementor-section-boxed elementor-section-height-default elementor-section-height-default\" data-id=\"4518452\" data-element_type=\"section\">\n\t\t\t\t\t\t<div class=\"elementor-container elementor-column-gap-default\">\n\t\t\t\t\t<div class=\"elementor-column elementor-col-100 elementor-top-column elementor-element elementor-element-dc7103c\" data-id=\"dc7103c\" data-element_type=\"column\">\n\t\t\t<div class=\"elementor-widget-wrap elementor-element-populated\">\n\t\t\t\t\t\t<div class=\"elementor-element elementor-element-24a2a6c elementor-widget elementor-widget-text-editor\" data-id=\"24a2a6c\" data-element_type=\"widget\" data-widget_type=\"text-editor.default\">\n\t\t\t\t<div class=\"elementor-widget-container\">\n\t\t\t\t\t\t\t\t\t<p>&#8222;ISWI&#8220; steht f\u00fcr &#8222;Initiative Solidarische Welt Ilmenau&#8220;. Wir sind ein von Studierenden gegr\u00fcndeter Verein, der sich f\u00fcr Frieden, V\u00f6lkerverst\u00e4ndigung sowie internationale Gesinnung und Toleranz einsetzt.<\/p><p>Unser gr\u00f6\u00dftes Projekt ist die &#8222;International Student Week in Ilmenau&#8220; (ebenfalls &#8222;ISWI&#8220;). Dieses gr\u00f6\u00dfte internationale Studierendentreffen seiner Art in Deutschland wird seit 1993 im Zweijahres-Rhythmus an der Technischen Universit\u00e4t Ilmenau durchgef\u00fchrt. Diese Treffen dienen dazu, die Toleranz gegen\u00fcber anderen Kulturkreisen zu f\u00f6rdern, indem sich Studierende aus v\u00f6llig unterschiedlichen Regionen der Erde kennenlernen und miteinander ins Gespr\u00e4ch kommen. Zehn Tage lang sprechen sie \u00fcber aktuelle und wichtige Themen. Sie tauschen Meinungen aus, diskutieren und versuchen gemeinsam, L\u00f6sungsm\u00f6glichkeiten f\u00fcr bestehende Probleme zu finden. Ganz klar, dass wir mit diesen Studierendenwochen auch ein Zeichen gegen Rassismus und andere Formen der Diskriminierung setzen wollen.<\/p><p>We have approximately 40 active members. Additionally, there are numerous inactive members who continue to support us. As we prepare for larger projects, many more volunteers join  forces with us.<\/p><p>Our association is also the Local Erasmus Initiative at the TU Ilmenau. As LEI Ilmenau, our events also have the goal of preparing outgoing Erasmus students for their stay abroad. In addition, we want to bring incoming Erasmus students together with our events and integrate them into the intercultural campus.<\/p><p>ISWI e.V. has been a long-standing member of the District Youth Association (KJR). The KJR focuses its work on the promotion and further development of youth work in the district. It represents the interests of its members to the public, representative bodies and authorities. It is important for ISWI to ensure that all people live and work together, especially on the campus of the TU Ilmenau - but also to promote the exchange and support to foreign and German people. At ISWI e.V., we regularly bring this interest into the district youth group. There we work with other associations and initiatives, share our projects and also receive great support from the other member associations in organizing our International Student Week.<\/p><p>Au\u00dferdem sind wir Teil des SOrCE-Netzwerks (Students Organizing Conventions Everywhere), in welchem wir mit verschiedenen Vereinen und Institutionen organisiert sind, die \u00e4hnliche Konferenzen und Festivals wie die ISWI organisieren. Das Ziel der Gr\u00fcndung dieses Netzwerks war es, eine Basis f\u00fcr die Zusammenarbeit zu schaffen, sich gegenseitig bei der Organisation zu helfen und voneinander zu lernen. SORCE ist ein loses Netzwerk &#8211; es hat weder einen Leiter noch einen Vorstand &#8211; SORCE ist dort, wo eines seiner Mitglieder ist. Vielleicht wird sich das eines Tages \u00e4ndern und es wird eine echte Organisation gegr\u00fcndet. Aber bisher konnten die wenigen Versuche, eine solche &#8222;echte&#8220; Organisation zu gr\u00fcnden, nicht verwirklicht werden (auch weil das Personal der verschiedenen Verb\u00e4nde st\u00e4ndig wechselt.<\/p><p>\u00a0<\/p>\t\t\t\t\t\t\t\t<\/div>\n\t\t\t\t<\/div>\n\t\t\t\t\t<\/div>\n\t\t<\/div>\n\t\t\t\t\t<\/div>\n\t\t<\/section>\n\t\t\t\t<section class=\"elementor-section elementor-top-section elementor-element elementor-element-62ddbdb elementor-section-boxed elementor-section-height-default elementor-section-height-default\" data-id=\"62ddbdb\" data-element_type=\"section\">\n\t\t\t\t\t\t<div class=\"elementor-container elementor-column-gap-default\">\n\t\t\t\t\t<div class=\"elementor-column elementor-col-33 elementor-top-column elementor-element elementor-element-a36546a\" data-id=\"a36546a\" data-element_type=\"column\">\n\t\t\t<div class=\"elementor-widget-wrap elementor-element-populated\">\n\t\t\t\t\t\t<div class=\"elementor-element elementor-element-73cea6e elementor-widget elementor-widget-image\" data-id=\"73cea6e\" data-element_type=\"widget\" data-widget_type=\"image.default\">\n\t\t\t\t<div class=\"elementor-widget-container\">\n\t\t\t\t\t\t\t\t\t\t\t\t\t\t\t<img fetchpriority=\"high\" decoding=\"async\" width=\"1024\" height=\"596\" src=\"https:\/\/iswi.org\/wp-content\/uploads\/LEI_Logo_rgb-1024x596.png\" class=\"attachment-large size-large wp-image-10270\" alt=\"\" srcset=\"https:\/\/iswi.org\/wp-content\/uploads\/LEI_Logo_rgb-1024x596.png 1024w, https:\/\/iswi.org\/wp-content\/uploads\/LEI_Logo_rgb-300x175.png 300w, https:\/\/iswi.org\/wp-content\/uploads\/LEI_Logo_rgb-768x447.png 768w, https:\/\/iswi.org\/wp-content\/uploads\/LEI_Logo_rgb-1536x895.png 1536w, https:\/\/iswi.org\/wp-content\/uploads\/LEI_Logo_rgb-2048x1193.png 2048w, https:\/\/iswi.org\/wp-content\/uploads\/LEI_Logo_rgb-18x10.png 18w\" sizes=\"(max-width: 1024px) 100vw, 1024px\" \/>\t\t\t\t\t\t\t\t\t\t\t\t\t\t\t<\/div>\n\t\t\t\t<\/div>\n\t\t\t\t\t<\/div>\n\t\t<\/div>\n\t\t\t\t<div class=\"elementor-column elementor-col-33 elementor-top-column elementor-element elementor-element-e0003d1\" data-id=\"e0003d1\" data-element_type=\"column\">\n\t\t\t<div class=\"elementor-widget-wrap elementor-element-populated\">\n\t\t\t\t\t\t<div class=\"elementor-element elementor-element-c2a694b elementor-widget elementor-widget-image\" data-id=\"c2a694b\" data-element_type=\"widget\" data-widget_type=\"image.default\">\n\t\t\t\t<div class=\"elementor-widget-container\">\n\t\t\t\t\t\t\t\t\t\t\t\t\t\t\t\t<a href=\"https:\/\/sorce.info\">\n\t\t\t\t\t\t\t<img decoding=\"async\" width=\"1024\" height=\"357\" src=\"https:\/\/iswi.org\/wp-content\/uploads\/Source-Logo-Lung.ai_.ps_-1024x357.png\" class=\"attachment-large size-large wp-image-10550\" alt=\"\" srcset=\"https:\/\/iswi.org\/wp-content\/uploads\/Source-Logo-Lung.ai_.ps_-1024x357.png 1024w, https:\/\/iswi.org\/wp-content\/uploads\/Source-Logo-Lung.ai_.ps_-300x104.png 300w, https:\/\/iswi.org\/wp-content\/uploads\/Source-Logo-Lung.ai_.ps_-768x267.png 768w, https:\/\/iswi.org\/wp-content\/uploads\/Source-Logo-Lung.ai_.ps_-1536x535.png 1536w, https:\/\/iswi.org\/wp-content\/uploads\/Source-Logo-Lung.ai_.ps_-2048x713.png 2048w, https:\/\/iswi.org\/wp-content\/uploads\/Source-Logo-Lung.ai_.ps_-18x6.png 18w\" sizes=\"(max-width: 1024px) 100vw, 1024px\" \/>\t\t\t\t\t\t\t\t<\/a>\n\t\t\t\t\t\t\t\t\t\t\t\t\t\t\t<\/div>\n\t\t\t\t<\/div>\n\t\t\t\t\t<\/div>\n\t\t<\/div>\n\t\t\t\t<div class=\"elementor-column elementor-col-33 elementor-top-column elementor-element elementor-element-0e81b64\" data-id=\"0e81b64\" data-element_type=\"column\">\n\t\t\t<div class=\"elementor-widget-wrap elementor-element-populated\">\n\t\t\t\t\t\t<div class=\"elementor-element elementor-element-5406d4d elementor-widget elementor-widget-image\" data-id=\"5406d4d\" data-element_type=\"widget\" data-widget_type=\"image.default\">\n\t\t\t\t<div class=\"elementor-widget-container\">\n\t\t\t\t\t\t\t\t\t\t\t\t\t\t\t\t<a href=\"https:\/\/www.kjr-ik.de\/\">\n\t\t\t\t\t\t\t<img decoding=\"async\" width=\"503\" height=\"533\" src=\"https:\/\/iswi.org\/wp-content\/uploads\/KJR-Logo10873.png\" class=\"attachment-medium_large size-medium_large wp-image-8093\" alt=\"\" srcset=\"https:\/\/iswi.org\/wp-content\/uploads\/KJR-Logo10873.png 503w, https:\/\/iswi.org\/wp-content\/uploads\/KJR-Logo10873-283x300.png 283w\" sizes=\"(max-width: 503px) 100vw, 503px\" \/>\t\t\t\t\t\t\t\t<\/a>\n\t\t\t\t\t\t\t\t\t\t\t\t\t\t\t<\/div>\n\t\t\t\t<\/div>\n\t\t\t\t\t<\/div>\n\t\t<\/div>\n\t\t\t\t\t<\/div>\n\t\t<\/section>\n\t\t<div class=\"elementor-element elementor-element-cfb0202 e-flex e-con-boxed e-con e-parent\" data-id=\"cfb0202\" data-element_type=\"container\">\n\t\t\t\t\t<div class=\"e-con-inner\">\n\t\t\t\t<div class=\"elementor-element elementor-element-684e12c elementor-widget__width-initial elementor-widget elementor-widget-text-editor\" data-id=\"684e12c\" data-element_type=\"widget\" data-widget_type=\"text-editor.default\">\n\t\t\t\t<div class=\"elementor-widget-container\">\n\t\t\t\t\t\t\t\t\t<p>The administration of our organisation (membership management and accounting) is supported by the easyVerein association software. They support non-profit aid organisations with a 50% discount on the subscription to their software.<\/p>\t\t\t\t\t\t\t\t<\/div>\n\t\t\t\t<\/div>\n\t\t\t\t<div class=\"elementor-element elementor-element-ef1bf81 elementor-widget elementor-widget-image\" data-id=\"ef1bf81\" data-element_type=\"widget\" data-widget_type=\"image.default\">\n\t\t\t\t<div class=\"elementor-widget-container\">\n\t\t\t\t\t\t\t\t\t\t\t\t\t\t\t<img loading=\"lazy\" decoding=\"async\" width=\"1024\" height=\"264\" src=\"https:\/\/iswi.org\/wp-content\/uploads\/easyVerein-1024x264.png\" class=\"attachment-large size-large wp-image-11811\" alt=\"\" srcset=\"https:\/\/iswi.org\/wp-content\/uploads\/easyVerein-1024x264.png 1024w, https:\/\/iswi.org\/wp-content\/uploads\/easyVerein-300x77.png 300w, https:\/\/iswi.org\/wp-content\/uploads\/easyVerein-768x198.png 768w, https:\/\/iswi.org\/wp-content\/uploads\/easyVerein-18x5.png 18w, https:\/\/iswi.org\/wp-content\/uploads\/easyVerein.png 1484w\" sizes=\"(max-width: 1024px) 100vw, 1024px\" \/>\t\t\t\t\t\t\t\t\t\t\t\t\t\t\t<\/div>\n\t\t\t\t<\/div>\n\t\t\t\t\t<\/div>\n\t\t\t\t<\/div>\n\t\t\t\t<\/div>","protected":false},"excerpt":{"rendered":"<p>&#8222;ISWI&#8220; steht f\u00fcr &#8222;Initiative Solidarische Welt Ilmenau&#8220;. Wir sind ein von Studierenden gegr\u00fcndeter Verein, der sich f\u00fcr Frieden, V\u00f6lkerverst\u00e4ndigung sowie internationale Gesinnung und Toleranz einsetzt. Unser gr\u00f6\u00dftes Projekt ist die [&hellip;]<\/p>","protected":false},"author":47,"featured_media":9313,"parent":154,"menu_order":1,"comment_status":"closed","ping_status":"closed","template":"","meta":{"footnotes":""},"class_list":["post-578","page","type-page","status-publish","has-post-thumbnail","hentry"],"blocksy_meta":[],"_links":{"self":[{"href":"https:\/\/iswi.org\/en\/wp-json\/wp\/v2\/pages\/578","targetHints":{"allow":["GET"]}}],"collection":[{"href":"https:\/\/iswi.org\/en\/wp-json\/wp\/v2\/pages"}],"about":[{"href":"https:\/\/iswi.org\/en\/wp-json\/wp\/v2\/types\/page"}],"author":[{"embeddable":true,"href":"https:\/\/iswi.org\/en\/wp-json\/wp\/v2\/users\/47"}],"replies":[{"embeddable":true,"href":"https:\/\/iswi.org\/en\/wp-json\/wp\/v2\/comments?post=578"}],"version-history":[{"count":12,"href":"https:\/\/iswi.org\/en\/wp-json\/wp\/v2\/pages\/578\/revisions"}],"predecessor-version":[{"id":11820,"href":"https:\/\/iswi.org\/en\/wp-json\/wp\/v2\/pages\/578\/revisions\/11820"}],"up":[{"embeddable":true,"href":"https:\/\/iswi.org\/en\/wp-json\/wp\/v2\/pages\/154"}],"wp:featuredmedia":[{"embeddable":true,"href":"https:\/\/iswi.org\/en\/wp-json\/wp\/v2\/media\/9313"}],"wp:attachment":[{"href":"https:\/\/iswi.org\/en\/wp-json\/wp\/v2\/media?parent=578"}],"curies":[{"name":"wp","href":"https:\/\/api.w.org\/{rel}","templated":true}]}}