{"id":58,"date":"2013-11-18T17:02:56","date_gmt":"2013-11-18T17:02:56","guid":{"rendered":"http:\/\/iswi.org\/?page_id=58"},"modified":"2014-04-24T14:58:12","modified_gmt":"2014-04-24T14:58:12","slug":"iswi-1993","status":"publish","type":"page","link":"https:\/\/iswi.org\/en\/internationale-studierenden-woche-in-ilmenau\/iswi-1993\/","title":{"rendered":"ISWI 1993"},"content":{"rendered":"<h2 style=\"text-align: right\">&#8222;Become friends &#8211; unite the world&#8220;<br \/>\n16. &#8211; 22. Mai 1993<\/h2>\n<p style=\"text-align: justify\">Als im Mai &#8217;93, drei Tage vor Beginn, die ersten Teilnehmer in unserem B\u00fcro eintrudelten, waren wir aufgeregt und erfreut zugleich. Der Traum von einer Studentenwoche in Ilmenau schien wahr zu werden &#8211; es ging richtig los. Die meisten Teilnehmer kamen im Verlauf des Wochenendes auf dem Campus an, wo sie von uns und einigen ihrer gespannt ausharrenden Gastgeber erwartet wurden. Einigen G\u00e4sten wurde auf dem letzten St\u00fcck ihrer Reise nach Ilmenau geholfen &#8211; sie wurden nachts z.B. aus Erfurt abgeholt.<\/p>\n<p style=\"text-align: justify\">Das Gros der Teilnehmer erreichte Ilmenau am Sonntag &#8211; begleitet von den ersten T\u00f6nen des ISWI-Radios &#8211; um neue Freunde zu finden, thematisch in den Gruppen zu diskutieren und Spa\u00df zu haben.<\/p>\n<p style=\"text-align: justify\">Da das Festival nicht nur von der thematischen Arbeit leben sollte, sondern insbesondere von den pers\u00f6nlichen Kontakten und Begegnungen, war die Woche nat\u00fcrlich auch angef\u00fcllt mit einer Vielzahl kultureller Veranstaltungen. Bevor jedoch schlie\u00dflich am Freitag auf den Tischen des bc-Studentenclubs getanzt wurde, ging&#8217;s erst einmal &#8222;gesittet &#8211; deutsch&#8220; mit einer Menge organisatorisch &#8211; b\u00fcrokratischer Formalit\u00e4ten los.<\/p>","protected":false},"excerpt":{"rendered":"<p>&#8222;Become friends &#8211; unite the world&#8220; 16. &#8211; 22. Mai 1993 Als im Mai &#8217;93, drei Tage vor Beginn, die ersten Teilnehmer in unserem B\u00fcro eintrudelten, waren wir aufgeregt und [&hellip;]<\/p>","protected":false},"author":61,"featured_media":0,"parent":8,"menu_order":11,"comment_status":"closed","ping_status":"closed","template":"","meta":{"footnotes":""},"class_list":["post-58","page","type-page","status-publish","hentry"],"blocksy_meta":[],"_links":{"self":[{"href":"https:\/\/iswi.org\/en\/wp-json\/wp\/v2\/pages\/58","targetHints":{"allow":["GET"]}}],"collection":[{"href":"https:\/\/iswi.org\/en\/wp-json\/wp\/v2\/pages"}],"about":[{"href":"https:\/\/iswi.org\/en\/wp-json\/wp\/v2\/types\/page"}],"author":[{"embeddable":true,"href":"https:\/\/iswi.org\/en\/wp-json\/wp\/v2\/users\/61"}],"replies":[{"embeddable":true,"href":"https:\/\/iswi.org\/en\/wp-json\/wp\/v2\/comments?post=58"}],"version-history":[{"count":0,"href":"https:\/\/iswi.org\/en\/wp-json\/wp\/v2\/pages\/58\/revisions"}],"up":[{"embeddable":true,"href":"https:\/\/iswi.org\/en\/wp-json\/wp\/v2\/pages\/8"}],"wp:attachment":[{"href":"https:\/\/iswi.org\/en\/wp-json\/wp\/v2\/media?parent=58"}],"curies":[{"name":"wp","href":"https:\/\/api.w.org\/{rel}","templated":true}]}}