{"id":582,"date":"2014-04-10T16:35:09","date_gmt":"2014-04-10T16:35:09","guid":{"rendered":"http:\/\/iswi.org\/?page_id=582"},"modified":"2023-10-01T00:12:52","modified_gmt":"2023-09-30T22:12:52","slug":"foerdermitglieder","status":"publish","type":"page","link":"https:\/\/iswi.org\/en\/verein\/foerdermitglieder\/","title":{"rendered":"Supporting Members"},"content":{"rendered":"<div data-elementor-type=\"wp-page\" data-elementor-id=\"582\" class=\"elementor elementor-582\">\n\t\t\t\t\t\t<section class=\"elementor-section elementor-top-section elementor-element elementor-element-6ad7e554 elementor-section-boxed elementor-section-height-default elementor-section-height-default\" data-id=\"6ad7e554\" data-element_type=\"section\">\n\t\t\t\t\t\t<div class=\"elementor-container elementor-column-gap-default\">\n\t\t\t\t\t<div class=\"elementor-column elementor-col-100 elementor-top-column elementor-element elementor-element-3695dc19\" data-id=\"3695dc19\" data-element_type=\"column\">\n\t\t\t<div class=\"elementor-widget-wrap elementor-element-populated\">\n\t\t\t\t\t\t<div class=\"elementor-element elementor-element-6424df15 elementor-widget elementor-widget-text-editor\" data-id=\"6424df15\" data-element_type=\"widget\" data-widget_type=\"text-editor.default\">\n\t\t\t\t<div class=\"elementor-widget-container\">\n\t\t\t\t\t\t\t\t\t<p style=\"text-align: justify;\">Since we are a non-profit association, funding is an important help for us in order to be able to finance our diverse projects.<\/p><p style=\"text-align: justify;\">We would therefore like to thank our supporting members very much for their support:<\/p><ul><li style=\"text-align: justify;\">Benjamin Hempel<\/li><li style=\"text-align: justify;\">Bj\u00f6rn Robbel<\/li><li style=\"text-align: justify;\">Christian Vogel<\/li><li style=\"text-align: justify;\">Felix D\u00fcrrwald<\/li><li style=\"text-align: justify;\">Lars Kr\u00fcger<\/li><li style=\"text-align: justify;\">Maik Lutz<\/li><li style=\"text-align: justify;\">Mathias Br\u00fcndel<\/li><li style=\"text-align: justify;\">Nicolas Wolz<\/li><li>Rebecca Martini<\/li><\/ul>\t\t\t\t\t\t\t\t<\/div>\n\t\t\t\t<\/div>\n\t\t\t\t\t<\/div>\n\t\t<\/div>\n\t\t\t\t\t<\/div>\n\t\t<\/section>\n\t\t\t\t<\/div>","protected":false},"excerpt":{"rendered":"<p>Da wir ein\u00a0ein gemeinn\u00fctziger Verein sind, sind F\u00f6rderungen f\u00fcr uns eine wichtige Hilfe, um unsere vielf\u00e4ltigen Projekte finanzieren zu k\u00f6nnen. Daher m\u00f6chten wir uns bei unseren F\u00f6rdermitgliedern ganz herzlich f\u00fcr [&hellip;]<\/p>","protected":false},"author":6,"featured_media":0,"parent":154,"menu_order":2,"comment_status":"closed","ping_status":"closed","template":"","meta":{"footnotes":""},"class_list":["post-582","page","type-page","status-publish","hentry"],"blocksy_meta":[],"_links":{"self":[{"href":"https:\/\/iswi.org\/en\/wp-json\/wp\/v2\/pages\/582","targetHints":{"allow":["GET"]}}],"collection":[{"href":"https:\/\/iswi.org\/en\/wp-json\/wp\/v2\/pages"}],"about":[{"href":"https:\/\/iswi.org\/en\/wp-json\/wp\/v2\/types\/page"}],"author":[{"embeddable":true,"href":"https:\/\/iswi.org\/en\/wp-json\/wp\/v2\/users\/6"}],"replies":[{"embeddable":true,"href":"https:\/\/iswi.org\/en\/wp-json\/wp\/v2\/comments?post=582"}],"version-history":[{"count":0,"href":"https:\/\/iswi.org\/en\/wp-json\/wp\/v2\/pages\/582\/revisions"}],"up":[{"embeddable":true,"href":"https:\/\/iswi.org\/en\/wp-json\/wp\/v2\/pages\/154"}],"wp:attachment":[{"href":"https:\/\/iswi.org\/en\/wp-json\/wp\/v2\/media?parent=582"}],"curies":[{"name":"wp","href":"https:\/\/api.w.org\/{rel}","templated":true}]}}