{"id":8263,"date":"2021-01-02T15:48:35","date_gmt":"2021-01-02T14:48:35","guid":{"rendered":"http:\/\/iswi.org\/?page_id=8263"},"modified":"2021-01-02T16:59:37","modified_gmt":"2021-01-02T15:59:37","slug":"kitchen-run-sign-up","status":"publish","type":"page","link":"https:\/\/iswi.org\/en\/kitchen-run-sign-up\/","title":{"rendered":"Kitchen Run Sign Up"},"content":{"rendered":"<p class=\"kr-signup-info\">\n        The next Kitchen Run Event will be on the 21.05.2026. The Sign Up stays open until the 17.05.2026.\n    <\/p>\n\n<div class=\"kr_container\">\n\n    <ul class=\"kr_progressbar\">\n        <li>Team<\/li>\n        <li>Contact<\/li>\n        <li>Address<\/li>\n        <li>Food<\/li>\n        <li>Photos<\/li>\n        <!-- <li>Courses<\/li> -->\n        <li>Submit<\/li>\n    <\/ul>\n\n\t\t\t\t\n    <form id=\"kr_signup\" class=\"kr_signup\" action=\"\/en\/wp-json\/wp\/v2\/pages\/8263\" method=\"post\" data-trp-original-action=\"\/en\/wp-json\/wp\/v2\/pages\/8263\">\n\n        <fieldset id=\"kr_tab_1\" class=\"kr_tab\">\n            <h4 class=\"kr_step_subtitle\">Team Information<\/h4>\n            <p class=\"kr_step_description\">Please choose a Team Name and tell us your names. One team member is at least required.<\/p>\n\n            <div class=\"kr_txtb\">\n                <input type=\"text\" id=\"kr_team_name\" name=\"kr_team_name\" value=\"\" required>\n                <span data-placeholder=\"Team Name\"><\/span>\n            <\/div>\n\n            <div class=\"kr_txtb\">\n                <input type=\"text\" name=\"kr_team_member_1\" value=\"\" required>\n                <span data-placeholder=\"Team Member 1\"><\/span>\n            <\/div>\n\n            <div class=\"kr_txtb\">\n                <input type=\"text\" name=\"kr_team_member_2\" value=\"\">\n                <span data-placeholder=\"Team Member 2\"><\/span>\n            <\/div>\n\n            <input type=\"button\" name=\"kr_next\" class=\"kr_btn_next\" value=\"Next\" \/>\n\n        <\/fieldset>\n\n        <fieldset id=\"kr_tab_2\" class=\"kr_tab\">\n            <h4 class=\"kr_step_subtitle\">Contact Information<\/h4>\n            <p class=\"kr_step_description\">The E-Mail Address is needed to send your team the information for the evening. At the end of the sign up you need to confirm your E-Mail Address.<\/p>\n\n            <div class=\"kr_txtb\">\n                <input type=\"email\" name=\"kr_team_email\" value=\"\" required>\n                <span data-placeholder=\"E-Mail\"><\/span>\n            <\/div>\n\n            <div class=\"kr_txtb\">\n                <input type=\"tel\" name=\"kr_team_phone\" value=\"\" required>\n                <span data-placeholder=\"Phone Number\"><\/span>\n            <\/div>\n\n            <input type=\"button\" name=\"kr_prev\" class=\"kr_btn_prev\" value=\"Previous\" \/>\n\n            <input type=\"button\" name=\"kr_next\" class=\"kr_btn_next\" value=\"Next\" \/>\n\n        <\/fieldset>\n\n\n        <fieldset id=\"kr_tab_3\" class=\"kr_tab\">\n            <h4 class=\"kr_step_subtitle\">Address Information<\/h4>\n            <p class=\"kr_step_description\">Your address is needed so that your guests can find you. The description is only needed when your home is not so easy to find.<\/p>\n\n            <div class=\"kr_txtb\">\n                <input type=\"text\" name=\"kr_team_address\" value=\"\" required>\n                <span data-placeholder=\"Address\"><\/span>\n            <\/div>\n\n            <div class=\"kr_txtb\">\n                <input type=\"text\" name=\"kr_team_city\" value=\"\" required>\n                <span data-placeholder=\"City\"><\/span>\n            <\/div>\n\n            <div class=\"kr_txtb\">\n                <textarea name=\"kr_team_find_place\"><\/textarea>\n                <span data-placeholder=\"Description to find my place (if it is difficult to find)\"><\/span>\n            <\/div>\n\n\n            <input type=\"button\" name=\"kr_prev\" class=\"kr_btn_prev\" value=\"Previous\" \/>\n\n            <input type=\"button\" name=\"kr_next\" class=\"kr_btn_next\" value=\"Next\" \/>\n\n        <\/fieldset>\n\n        <fieldset id=\"kr_tab_4\" class=\"kr_tab\">\n            <h4 class=\"kr_step_subtitle\">Food Preferences<\/h4>\n            <p class=\"kr_step_description\">Please tell us your food preferences, multiple selections are possible. Please use the text field, if you have allergies or something else. The information will be sent to the cooking team.<\/p>\n\n            <!-- just needed for verification -->\n            <input type=\"hidden\" name=\"food_pref\" id=\"kr_food_pref\">\n\n            <div class=\"kr_chbox\">\n                <input type=\"checkbox\" name=\"kr_team_vegan\" id=\"kr_vegan\" class=\"kr_food\" >\n                <label for=\"kr_vegan\">Vegan<\/label>\n            <\/div>\n\n            <div class=\"kr_chbox\">\n                <input type=\"checkbox\" name=\"kr_team_vegetarian\" id=\"kr_veggie\" class=\"kr_food\" >\n                <label for=\"kr_veggie\">Vegetarian<\/label>\n            <\/div>\n\n            <div class=\"kr_chbox\">\n                <input type=\"checkbox\" name=\"kr_team_halal\" id=\"kr_halal\" class=\"kr_food\" >\n                <label for=\"kr_halal\">Halal<\/label>\n            <\/div>\n\n            <div class=\"kr_chbox\">\n                <input type=\"checkbox\" name=\"kr_team_kosher\" id=\"kr_kosher\" class=\"kr_food\" >\n                <label for=\"kr_kosher\">Kosher<\/label>\n            <\/div>\n\n            <div class=\"kr_chbox\">\n                <input type=\"checkbox\" name=\"kr_team_everything\" id=\"kr_all\" class=\"kr_food\" >\n                <label for=\"kr_all\">I eat everything!<\/label>\n            <\/div>\n\n            <div class=\"kr_txtb\">\n                <textarea class=\"team_food_request\" name=\"kr_team_food_request\"><\/textarea>\n                <span data-placeholder=\"Allergies, Food Requests, ...\"><\/span>\n            <\/div>\n\n            <input type=\"button\" name=\"kr_prev\" class=\"kr_btn_prev\" value=\"Previous\" \/>\n\n            <input type=\"button\" name=\"kr_next\" class=\"kr_btn_next\" value=\"Next\" \/>\n\n        <\/fieldset>\n\n        <fieldset id=\"kr_tab_5\" class=\"kr_tab\">\n            <h4 class=\"kr_step_subtitle\">Photos<\/h4>\n            <p class=\"kr_step_description\">Do you allow us to take and share photos on which you can be seen during the event? We would like to share these on ISWI social media channels and for future advertisement of ISWI projects on social media, flyers, posters and on webpages.<\/p>\n\n            <div class=\"kr_check\">\n                <input type=\"radio\" name=\"kr_team_photos\" id=\"kr_photos_yes\"  value=\"yes\">\n                <label for=\"kr_photos_yes\" class=\"kr_label\">Yes, we agree that those photos can be shared.<\/label>\n            <\/div>\n\n            <div class=\"kr_check\">\n                <input type=\"radio\" name=\"kr_team_photos\" id=\"kr_photos_no\"  value=\"no\">\n                <label for=\"kr_photos_no\" class=\"kr_label\">No, don&#8217;t share those photos.<\/label>\n            <\/div>\n\n            <input type=\"button\" name=\"kr_prev\" class=\"kr_btn_prev\" value=\"Previous\" \/>\n\n            <input type=\"button\" name=\"kr_next\" class=\"kr_btn_next\" value=\"Next\" \/>\n\n        <\/fieldset>\n\n        <fieldset id=\"kr_tab_6\" class=\"kr_tab\">\n            <h4 class=\"kr_step_subtitle\">Submit<\/h4>\n            <p class=\"kr_step_description\">It is time to submit your kitchen run registration. <b>You will get an verification E-Mail after that!<\/b><\/p>\n\n            <div class=\"kr_txtb\">\n                <textarea name=\"kr_team_comment\"><\/textarea>\n                <span data-placeholder=\"Place for some general comments\"><\/span>\n            <\/div>\n\n            <div class=\"kr_acord\">\n                <div class=\"kr_acord_label\"><span class=\"dashicons dashicons-arrow-right\"><\/span>Privacy Agreement<\/div>\n                <div class=\"kr_acord_text kr_priv_aggreement\">\n                    <h4>Einwilligungserkl\u00e4rung in die Verarbeitung personenbezogener Daten gem\u00e4\u00df DSGVO<\/h4>\n\n                    <p>Hiermit stimme ich der folgenden Verarbeitung meiner personenbezogenen Daten durch den ISWI e.V. zu:<\/p>\n\n                    <h5>Kategorie und Art der Datenverarbeitung<\/h5>\n\n                    <p>Folgende personenbezogene Daten werden durch den ISWI e.V. verarbeitet:<\/p>\n\n                    <ul>\n                        <li>Name, Vorname<\/li>\n                        <li>Adresse<\/li>\n                        <li>E-Mail-Adresse<\/li>\n                        <li>ggf. Allergien und Ern\u00e4hrungspr\u00e4ferenz<\/li>\n                    <\/ul>\n\n                    <p>Die Verarbeitung der personenbezogenen Daten durch den ISWI e.V. umfasst:<\/p>\n\n                    <ul>\n                        <li>Datenerhebung<\/li>\n                        <li>Datenspeicherung<\/li>\n                        <li>Weitergabe der zur Durchf\u00fchrung des &#8222;Kitchen Run&#8220;<\/li>\n                    <\/ul>\n\n                    <h5>Besondere Kategorien personenbezogener Daten<\/h5>\n\n                    <p>Folgende besondere personenbezogene Daten werden durch den ISWI e.V. verarbeitet:<\/p>\n\n                    <ul><li>Gesundheitsdaten (Allergien)<\/li><\/ul>\n\n                    <h5>Zweck der Datenverarbeitung<\/h5>\n\n                    <p>Diese Daten werden nur zu folgenden Zweck(en) verarbeitet:<\/p>\n\n                    <ul><li>Durchf\u00fcrung der Veranstaltung &#8222;kitchen-run&#8220;<\/li><\/ul>\n\n                    <h5>Datensicherheit<\/h5>\n\n                    <p>Diese Daten werden nur von berechtigten Personen unter Einhaltung einer angemessenen Datensicherheit bearbeitet. Eine automatische L\u00f6schung der verarbeiteten Daten erfolgt nach 6 Monaten.<\/p>\n\n                    <h5>Widerrufsrecht<\/h5>\n\n                    <p>Der\/die Einwilligende hat das Recht, die Einwilligung jederzeit mit Wirkung f\u00fcr die Zukunft ohne Angabe von Gr\u00fcnden zu widerrufen. Ab Zugang der Widerrufserkl\u00e4rung werden die Daten unverz\u00fcglich gel\u00f6scht insofern keine gesetzlichen Aufbewahrungsfristen entgegenstehen und der Widerruf wirksam ist. Die Wirksamkeit der bis zum Widerruf der Einwilligung get\u00e4tigten Datenverarbeitung bleibt unber\u00fchrt.<\/p>\n\n                    <p>Der Widerruf ist an die folgende E-Mail-Adresse zu richten: info@iswi.org<\/p>\n\n                    <h5>Weitere Rechte des\/der Einwilligenden<\/h5>\n\n                    <p>Der\/die Einwilligende besitzt auch das Recht der L\u00f6schung, der Sperrung, der Berichtigung und der \u00dcbertragbarkeit der Daten, sowie der Auskunft \u00fcber die Datenverarbeitung. Die Geltendmachung dieser Rechte ist an folgende E-Mail-Adresse zu richten: info@iswi.org<\/p>\n\n                    <h5>Folgen der Nichtunterzeichnung<\/h5>\n\n                    <p>Der\/die Unterzeichnende hat au\u00dferdem das Recht, allen oder einem der Zwecke dieser Einwilligungserkl\u00e4rung nicht zuzustimmen. Daher sind nur die Zwecke anzukreuzen, denen zugestimmt werden soll.<\/p>\n\n                    <p>Die Datenverarbeitung ist f\u00fcr den Zweck der Durchf\u00fchrung der Veranstaltung &#8222;Kitchen Run&#8220; notwendig. Die Nichtzustimmung schlie\u00dft die Dienste durch den ISWI e.V. aus.<\/p>\n\n\n                    <h5>Freiwillige Zustimmung<\/h5>\n\n                    <p>Hiermit versichert der\/die Unterzeichnende, der Erhebung und Verarbeitung der personenbezogenen Daten durch den ISWI e.V. zum folgenden Zweck der Durchf\u00fchrung der Veranstaltung des Kitchen-Runs freiwillig zuzustimmen. Eine ordnungsgem\u00e4\u00dfe Belehrung \u00fcber das Widerrufsrecht fand statt.<\/p>\n\n                <\/div>\n            <\/div>\n\n            <!-- Fancy Checkboxes -->\n            <div class=\"kr_check\">\n                <input type=\"checkbox\" name=\"kr_team_privacy_aggreement\" id=\"kr_privacy_aggreement\"  required>\n                <label for=\"kr_privacy_aggreement\" class=\"kr_label\">We have read and understood the privacy agreement!<\/label>\n            <\/div>\n\n            <input type=\"button\" name=\"kr_prev\" class=\"kr_btn_prev\" value=\"Previous\" \/>\n\n            <input type=\"submit\" name=\"kr_team_submitted\" class=\"kr_btn_submit\" value=\"Submit\" \/>\n\n        <\/fieldset>\n\n        <fieldset id=\"kr_tab_hidden\" class=\"kr_tab\">\n            <h4 class=\"kr_step_subtitle\">Course Preferences<\/h4>\n            <p class=\"kr_step_description\">Please use this selection carefully. It is only preference!<\/p>\n\n            <!-- just needed for verification -->\n            <input type=\"hidden\" name=\"course_pref\" id=\"kr_course_pref\">\n\n            <div class=\"kr_chbox\">\n                <input type=\"checkbox\" name=\"kr_team_appetizer\" id=\"kr_appetizer\" class=\"kr_course\" checked>\n                <label for=\"kr_appetizer\">Appetizer<\/label>\n            <\/div>\n\n            <div class=\"kr_chbox\">\n                <input type=\"checkbox\" name=\"kr_team_main_course\" id=\"kr_main_course\" class=\"kr_course\" checked>\n                <label for=\"kr_main_course\">Main Course<\/label>\n            <\/div>\n\n            <div class=\"kr_chbox\">\n                <input type=\"checkbox\" name=\"kr_team_dessert\" id=\"kr_dessert\" class=\"kr_course\" checked>\n                <label for=\"kr_dessert\">Dessert<\/label>\n            <\/div>\n\n            <input type=\"button\" name=\"kr_prev\" class=\"kr_btn_prev\" value=\"Previous\" \/>\n\n            <input type=\"button\" name=\"kr_next\" class=\"kr_btn_next\" value=\"Next\" \/>\n\n        <\/fieldset>\n\n    <input type=\"hidden\" name=\"trp-form-language\" value=\"en\"\/><\/form>\n\n<\/div>","protected":false},"excerpt":{"rendered":"","protected":false},"author":105,"featured_media":0,"parent":0,"menu_order":0,"comment_status":"closed","ping_status":"closed","template":"","meta":{"footnotes":""},"class_list":["post-8263","page","type-page","status-publish","hentry"],"blocksy_meta":[],"_links":{"self":[{"href":"https:\/\/iswi.org\/en\/wp-json\/wp\/v2\/pages\/8263","targetHints":{"allow":["GET"]}}],"collection":[{"href":"https:\/\/iswi.org\/en\/wp-json\/wp\/v2\/pages"}],"about":[{"href":"https:\/\/iswi.org\/en\/wp-json\/wp\/v2\/types\/page"}],"author":[{"embeddable":true,"href":"https:\/\/iswi.org\/en\/wp-json\/wp\/v2\/users\/105"}],"replies":[{"embeddable":true,"href":"https:\/\/iswi.org\/en\/wp-json\/wp\/v2\/comments?post=8263"}],"version-history":[{"count":1,"href":"https:\/\/iswi.org\/en\/wp-json\/wp\/v2\/pages\/8263\/revisions"}],"predecessor-version":[{"id":11659,"href":"https:\/\/iswi.org\/en\/wp-json\/wp\/v2\/pages\/8263\/revisions\/11659"}],"wp:attachment":[{"href":"https:\/\/iswi.org\/en\/wp-json\/wp\/v2\/media?parent=8263"}],"curies":[{"name":"wp","href":"https:\/\/api.w.org\/{rel}","templated":true}]}}