{"id":9157,"date":"2021-05-24T21:34:13","date_gmt":"2021-05-24T19:34:13","guid":{"rendered":"http:\/\/iswi.org\/?page_id=9157"},"modified":"2021-05-27T23:10:38","modified_gmt":"2021-05-27T21:10:38","slug":"iswi-2021","status":"publish","type":"page","link":"https:\/\/iswi.org\/en\/internationale-studierenden-woche-in-ilmenau\/iswi-2021\/","title":{"rendered":"ISWI 2021"},"content":{"rendered":"<div class=\"wp-block-image\"><figure class=\"aligncenter size-large\"><img fetchpriority=\"high\" decoding=\"async\" width=\"820\" height=\"312\" src=\"https:\/\/iswi.org\/wp-content\/uploads\/ISWI-2021.png\" alt=\"\" class=\"wp-image-9185\" srcset=\"https:\/\/iswi.org\/wp-content\/uploads\/ISWI-2021.png 820w, https:\/\/iswi.org\/wp-content\/uploads\/ISWI-2021-300x114.png 300w, https:\/\/iswi.org\/wp-content\/uploads\/ISWI-2021-768x292.png 768w\" sizes=\"(max-width: 820px) 100vw, 820px\" \/><\/figure><\/div>\n\n\n\n<p>Die Internationale Studierendenwoche in Ilmenau (ISWI) ist eine Konferenz, die seit 1993 alle zwei Jahre auf dem Campus der Technischen Universit\u00e4t Ilmenau stattfindet. An der letzten ISWI im Jahr 2019 nahmen \u00fcber 330 Teilnehmer aus mehr als 70 verschiedenen L\u00e4ndern teil. Die ISWI 2021 ist den Themen Klimakrise und Nachhaltigkeit gewidmet. Im Rahmen einer internationalen Konferenz m\u00f6chten wir einen interkulturellen Dialog initiieren und gemeinsam \u00fcber die Vielfalt der Aspekte diskutieren, die diese Themen beinhalten. <\/p>\n\n\n\n<p>Weitere Infos: <a href=\"https:\/\/2021.iswi.org\">2021.iswi.org<\/a><\/p>","protected":false},"excerpt":{"rendered":"<p>Die Internationale Studierendenwoche in Ilmenau (ISWI) ist eine Konferenz, die seit 1993 alle zwei Jahre auf dem Campus der Technischen Universit\u00e4t Ilmenau stattfindet. An der letzten ISWI im Jahr 2019 [&hellip;]<\/p>","protected":false},"author":53,"featured_media":9193,"parent":8,"menu_order":0,"comment_status":"closed","ping_status":"closed","template":"","meta":{"footnotes":""},"class_list":["post-9157","page","type-page","status-publish","has-post-thumbnail","hentry"],"blocksy_meta":[],"_links":{"self":[{"href":"https:\/\/iswi.org\/en\/wp-json\/wp\/v2\/pages\/9157","targetHints":{"allow":["GET"]}}],"collection":[{"href":"https:\/\/iswi.org\/en\/wp-json\/wp\/v2\/pages"}],"about":[{"href":"https:\/\/iswi.org\/en\/wp-json\/wp\/v2\/types\/page"}],"author":[{"embeddable":true,"href":"https:\/\/iswi.org\/en\/wp-json\/wp\/v2\/users\/53"}],"replies":[{"embeddable":true,"href":"https:\/\/iswi.org\/en\/wp-json\/wp\/v2\/comments?post=9157"}],"version-history":[{"count":0,"href":"https:\/\/iswi.org\/en\/wp-json\/wp\/v2\/pages\/9157\/revisions"}],"up":[{"embeddable":true,"href":"https:\/\/iswi.org\/en\/wp-json\/wp\/v2\/pages\/8"}],"wp:featuredmedia":[{"embeddable":true,"href":"https:\/\/iswi.org\/en\/wp-json\/wp\/v2\/media\/9193"}],"wp:attachment":[{"href":"https:\/\/iswi.org\/en\/wp-json\/wp\/v2\/media?parent=9157"}],"curies":[{"name":"wp","href":"https:\/\/api.w.org\/{rel}","templated":true}]}}