{"id":940,"date":"2014-04-28T18:15:19","date_gmt":"2014-04-28T18:15:19","guid":{"rendered":"http:\/\/iswi.org\/?page_id=940"},"modified":"2021-10-12T23:33:36","modified_gmt":"2021-10-12T21:33:36","slug":"fernweh-travelbug","status":"publish","type":"page","link":"https:\/\/iswi.org\/en\/projekte\/fernweh-travelbug\/","title":{"rendered":"Travelbug"},"content":{"rendered":"<h2 class=\"p1\">&#8211; around the world<\/h2>\n<p class=\"p1\" style=\"text-align: justify;\">Ebenfalls seit dem Sommersemester 2012 zum Projekt FERNWEH hinzugekommen ist die Idee eines Fotoprojekts unter Einbeziehung eines Maskottchens. Dabei handelt es sich um den sogenannten &#8222;travel bug&#8220; (engl. f. Fernweh\/Reisefieber), einen reisefreudigen Marienk\u00e4fer, der mit seinem Rucksack um die Welt zieht.<\/p>\n<p class=\"p1\" style=\"text-align: justify;\">Dazu wurde ein Stofftier in Form des &#8222;travel bug&#8220; gen\u00e4ht und Menschen die auf Reisen gehen nehmen diesen mit. Diese fotografieren sich dann zusammen mit dem \u201etravel bug\u201c an allen m\u00f6glichen Orten dieser Welt. Die dabei entstandenen Bilder werden gesammelt und f\u00fcr alle Interessenten auf der Website und in weitere geeigneter Form ver\u00f6ffentlicht.<\/p>\n<p class=\"p1\" style=\"text-align: justify;\">This is intended to support the networking of students who are abroad and also to encourage students on the campus of the TU Ilmenau to study abroad. The Travelbug has traveled to each of the 5 continents in the last two years and has been to Canada, Portugal, South Africa, Australia, Senegal and several other countries.<\/p>","protected":false},"excerpt":{"rendered":"<p>&#8211; around the world Ebenfalls seit dem Sommersemester 2012 zum Projekt FERNWEH hinzugekommen ist die Idee eines Fotoprojekts unter Einbeziehung eines Maskottchens. Dabei handelt es sich um den sogenannten &#8222;travel [&hellip;]<\/p>","protected":false},"author":8,"featured_media":0,"parent":62,"menu_order":0,"comment_status":"closed","ping_status":"closed","template":"","meta":{"footnotes":""},"class_list":["post-940","page","type-page","status-publish","hentry"],"blocksy_meta":[],"_links":{"self":[{"href":"https:\/\/iswi.org\/en\/wp-json\/wp\/v2\/pages\/940","targetHints":{"allow":["GET"]}}],"collection":[{"href":"https:\/\/iswi.org\/en\/wp-json\/wp\/v2\/pages"}],"about":[{"href":"https:\/\/iswi.org\/en\/wp-json\/wp\/v2\/types\/page"}],"author":[{"embeddable":true,"href":"https:\/\/iswi.org\/en\/wp-json\/wp\/v2\/users\/8"}],"replies":[{"embeddable":true,"href":"https:\/\/iswi.org\/en\/wp-json\/wp\/v2\/comments?post=940"}],"version-history":[{"count":0,"href":"https:\/\/iswi.org\/en\/wp-json\/wp\/v2\/pages\/940\/revisions"}],"up":[{"embeddable":true,"href":"https:\/\/iswi.org\/en\/wp-json\/wp\/v2\/pages\/62"}],"wp:attachment":[{"href":"https:\/\/iswi.org\/en\/wp-json\/wp\/v2\/media?parent=940"}],"curies":[{"name":"wp","href":"https:\/\/api.w.org\/{rel}","templated":true}]}}