{"id":9803,"date":"2022-10-25T19:17:42","date_gmt":"2022-10-25T17:17:42","guid":{"rendered":"https:\/\/iswi.org\/?page_id=9803"},"modified":"2023-04-25T15:46:08","modified_gmt":"2023-04-25T13:46:08","slug":"iswi-2023","status":"publish","type":"page","link":"https:\/\/iswi.org\/en\/internationale-studierenden-woche-in-ilmenau\/iswi-2023\/","title":{"rendered":"ISWI 2023"},"content":{"rendered":"<figure class=\"wp-block-image size-full\"><a href=\"https:\/\/iswi.org\/wp-content\/uploads\/34922715065_74d8ded613_o-1024x683-1-e1662973779594.jpg\"><img fetchpriority=\"high\" decoding=\"async\" width=\"1024\" height=\"583\" src=\"https:\/\/iswi.org\/wp-content\/uploads\/34922715065_74d8ded613_o-1024x683-1-e1662973779594.jpg\" alt=\"\" class=\"wp-image-9809\" srcset=\"https:\/\/iswi.org\/wp-content\/uploads\/34922715065_74d8ded613_o-1024x683-1-e1662973779594.jpg 1024w, https:\/\/iswi.org\/wp-content\/uploads\/34922715065_74d8ded613_o-1024x683-1-e1662973779594-300x171.jpg 300w, https:\/\/iswi.org\/wp-content\/uploads\/34922715065_74d8ded613_o-1024x683-1-e1662973779594-768x437.jpg 768w\" sizes=\"(max-width: 1024px) 100vw, 1024px\" \/><\/a><\/figure>\n\n\n\n<p>Die Internationale Studierendenwoche in Ilmenau (ISWI) ist eine Konferenz, die seit 1993 alle zwei Jahre auf dem Campus der Technischen Universit\u00e4t Ilmenau stattfindet. An der letzten ISWI in Pr\u00e4senz im Jahr 2019 nahmen \u00fcber 330 Teilnehmer aus mehr als 70 verschiedenen L\u00e4ndern teil. Die ISWI 2021 musste wegen der COVID-19 Pandemie Online abgehalten werden und hatte bis zu 200 aktive Teilnehmende und \u00fcber 500 Teilnehmende bei einzelnen Veranstaltungen. Die ISWI 2023 ist den Themen Wissen, Informationen und Daten gewidmet.<\/p>\n\n\n\n<p>Weitere Infos: <a href=\"https:\/\/de2023.iswi.org\">de2023.iswi.org<\/a><\/p>","protected":false},"excerpt":{"rendered":"<p>Die Internationale Studierendenwoche in Ilmenau (ISWI) ist eine Konferenz, die seit 1993 alle zwei Jahre auf dem Campus der Technischen Universit\u00e4t Ilmenau stattfindet. An der letzten ISWI in Pr\u00e4senz im [&hellip;]<\/p>","protected":false},"author":105,"featured_media":0,"parent":8,"menu_order":0,"comment_status":"closed","ping_status":"closed","template":"","meta":{"footnotes":""},"class_list":["post-9803","page","type-page","status-publish","hentry"],"blocksy_meta":[],"_links":{"self":[{"href":"https:\/\/iswi.org\/en\/wp-json\/wp\/v2\/pages\/9803","targetHints":{"allow":["GET"]}}],"collection":[{"href":"https:\/\/iswi.org\/en\/wp-json\/wp\/v2\/pages"}],"about":[{"href":"https:\/\/iswi.org\/en\/wp-json\/wp\/v2\/types\/page"}],"author":[{"embeddable":true,"href":"https:\/\/iswi.org\/en\/wp-json\/wp\/v2\/users\/105"}],"replies":[{"embeddable":true,"href":"https:\/\/iswi.org\/en\/wp-json\/wp\/v2\/comments?post=9803"}],"version-history":[{"count":0,"href":"https:\/\/iswi.org\/en\/wp-json\/wp\/v2\/pages\/9803\/revisions"}],"up":[{"embeddable":true,"href":"https:\/\/iswi.org\/en\/wp-json\/wp\/v2\/pages\/8"}],"wp:attachment":[{"href":"https:\/\/iswi.org\/en\/wp-json\/wp\/v2\/media?parent=9803"}],"curies":[{"name":"wp","href":"https:\/\/api.w.org\/{rel}","templated":true}]}}